{"id":5513,"date":"2022-06-06T04:36:26","date_gmt":"2022-06-06T08:36:26","guid":{"rendered":"https:\/\/cepi.es\/categoria-caixas-de-protecao\/"},"modified":"2024-05-01T09:28:28","modified_gmt":"2024-05-01T13:28:28","slug":"categoria-caixas-de-protecao","status":"publish","type":"page","link":"https:\/\/cepi.es\/pt-pt\/categoria-caixas-de-protecao\/","title":{"rendered":"Caixas de prote\u00e7\u00e3o"},"content":{"rendered":"\t\t<div data-elementor-type=\"wp-post\" data-elementor-id=\"5513\" class=\"elementor elementor-5513 elementor-1127\" data-elementor-post-type=\"page\">\n\t\t\t\t\t\t<section class=\"elementor-section elementor-top-section elementor-element elementor-element-3c307648 absd sect_2   elementor-section-full_width elementor-section-height-default elementor-section-height-default\" data-id=\"3c307648\" data-element_type=\"section\" data-e-type=\"section\" data-settings=\"{&quot;animation&quot;:&quot;none&quot;}\">\n\t\t\t\t\t\t<div class=\"elementor-container elementor-column-gap-default\">\n\t\t\t\t\t<div class=\"elementor-column elementor-col-100 elementor-top-column elementor-element elementor-element-410b8819\" data-id=\"410b8819\" data-element_type=\"column\" data-e-type=\"column\">\n\t\t\t<div class=\"elementor-widget-wrap elementor-element-populated\">\n\t\t\t\t\t\t<div class=\"elementor-element elementor-element-1d7e6b0b elementor-widget elementor-widget-image\" data-id=\"1d7e6b0b\" data-element_type=\"widget\" data-e-type=\"widget\" data-widget_type=\"image.default\">\n\t\t\t\t<div class=\"elementor-widget-container\">\n\t\t\t\t\t\t\t\t\t\t\t\t\t\t\t<img fetchpriority=\"high\" decoding=\"async\" width=\"1600\" height=\"362\" src=\"https:\/\/cepi.es\/wp-content\/uploads\/2022\/08\/cortinas-de-cristal-cepi.jpg\" class=\"attachment-full size-full wp-image-5452\" alt=\"\" srcset=\"https:\/\/cepi.es\/wp-content\/uploads\/2022\/08\/cortinas-de-cristal-cepi.jpg 1600w, https:\/\/cepi.es\/wp-content\/uploads\/2022\/08\/cortinas-de-cristal-cepi-300x68.jpg 300w, https:\/\/cepi.es\/wp-content\/uploads\/2022\/08\/cortinas-de-cristal-cepi-1024x232.jpg 1024w, https:\/\/cepi.es\/wp-content\/uploads\/2022\/08\/cortinas-de-cristal-cepi-768x174.jpg 768w, https:\/\/cepi.es\/wp-content\/uploads\/2022\/08\/cortinas-de-cristal-cepi-1536x348.jpg 1536w\" sizes=\"(max-width: 1600px) 100vw, 1600px\">\t\t\t\t\t\t\t\t\t\t\t\t\t\t\t<\/div>\n\t\t\t\t<\/div>\n\t\t\t\t<div class=\"elementor-element elementor-element-37bac95e elementor-widget elementor-widget-html\" data-id=\"37bac95e\" data-element_type=\"widget\" data-e-type=\"widget\" data-widget_type=\"html.default\">\n\t\t\t\t<div class=\"elementor-widget-container\">\n\t\t\t\t\t<div class=\"elementor-section elementor-section-boxed\">\n<div style=\"padding-left: 10px; padding-right: 10px;\" class=\"elementor-container\">\n<div class=\"abs_ alt per\" style=\"bottom: 0px; left: 0; right: 0; margin: 0 auto;\">\n       <img decoding=\"async\" style=\"margin-right: 0;\" src=\"https:\/\/cepi.es\/wp-content\/uploads\/2022\/05\/Frame13.png\" alt=\"\">\n    <img decoding=\"async\" src=\"https:\/\/cepi.es\/wp-content\/uploads\/2022\/06\/Frame26.png\" alt=\"\">\n    <span>ARM\u00c1RIOS DE VIDRO KADO<\/span>\n<\/div>\n<\/div>\n<\/div>\t\t\t\t<\/div>\n\t\t\t\t<\/div>\n\t\t\t\t<div class=\"elementor-element elementor-element-53191c9a elementor-widget elementor-widget-heading\" data-id=\"53191c9a\" data-element_type=\"widget\" data-e-type=\"widget\" data-widget_type=\"heading.default\">\n\t\t\t\t<div class=\"elementor-widget-container\">\n\t\t\t\t\t<h1 class=\"elementor-heading-title elementor-size-default\">Cortinas de vidro<\/h1>\t\t\t\t<\/div>\n\t\t\t\t<\/div>\n\t\t\t\t<div class=\"elementor-element elementor-element-7177e61c mw_3 elementor-widget elementor-widget-text-editor\" data-id=\"7177e61c\" data-element_type=\"widget\" data-e-type=\"widget\" data-widget_type=\"text-editor.default\">\n\t\t\t\t<div class=\"elementor-widget-container\">\n\t\t\t\t\t\t\t\t\t<p>A nossa gama de divis\u00f3rias de vidro \u00e9 o sistema ideal para criar <b>novos espa\u00e7os,<\/b> cheios de luz e protegidos das intemp\u00e9ries, permitindo-te desfrutar de <b>vistas sem restri\u00e7\u00f5es<\/b>.<\/p>\n\t\t\t\t\t\t\t\t<\/div>\n\t\t\t\t<\/div>\n\t\t\t\t\t<\/div>\n\t\t<\/div>\n\t\t\t\t\t<\/div>\n\t\t<\/section>\n\t\t\t\t<section class=\"elementor-section elementor-top-section elementor-element elementor-element-f25dd28 absd sect_2  elementor-section-boxed elementor-section-height-default elementor-section-height-default elementor-invisible\" data-id=\"f25dd28\" data-element_type=\"section\" data-e-type=\"section\" data-settings=\"{&quot;animation&quot;:&quot;fadeInLeft&quot;}\">\n\t\t\t\t\t\t<div class=\"elementor-container elementor-column-gap-default\">\n\t\t\t\t\t<div class=\"elementor-column elementor-col-25 elementor-top-column elementor-element elementor-element-7b8b674\" data-id=\"7b8b674\" data-element_type=\"column\" data-e-type=\"column\">\n\t\t\t<div class=\"elementor-widget-wrap elementor-element-populated\">\n\t\t\t\t\t\t<div class=\"elementor-element elementor-element-496aba6 elementor-widget elementor-widget-image\" data-id=\"496aba6\" data-element_type=\"widget\" data-e-type=\"widget\" data-widget_type=\"image.default\">\n\t\t\t\t<div class=\"elementor-widget-container\">\n\t\t\t\t\t\t\t\t\t\t\t\t\t\t\t\t<a href=\"https:\/\/cepi.es\/hoja-abatible\/\">\n\t\t\t\t\t\t\t<img decoding=\"async\" width=\"450\" height=\"450\" src=\"https:\/\/cepi.es\/wp-content\/uploads\/2022\/08\/cortinas-de-cristal-fabricante-cepi.jpg\" class=\"attachment-full size-full wp-image-5453\" alt=\"\" srcset=\"https:\/\/cepi.es\/wp-content\/uploads\/2022\/08\/cortinas-de-cristal-fabricante-cepi.jpg 450w, https:\/\/cepi.es\/wp-content\/uploads\/2022\/08\/cortinas-de-cristal-fabricante-cepi-300x300.jpg 300w, https:\/\/cepi.es\/wp-content\/uploads\/2022\/08\/cortinas-de-cristal-fabricante-cepi-150x150.jpg 150w\" sizes=\"(max-width: 450px) 100vw, 450px\">\t\t\t\t\t\t\t\t<\/a>\n\t\t\t\t\t\t\t\t\t\t\t\t\t\t\t<\/div>\n\t\t\t\t<\/div>\n\t\t\t\t<div class=\"elementor-element elementor-element-7b33946 elementor-widget elementor-widget-html\" data-id=\"7b33946\" data-element_type=\"widget\" data-e-type=\"widget\" data-widget_type=\"html.default\">\n\t\t\t\t<div class=\"elementor-widget-container\">\n\t\t\t\t\t<a href=\"https:\/\/cepi.es\/hoja-abatible\/\">\n    <div class=\"abs_\">\n    <img decoding=\"async\" src=\"https:\/\/cepi.es\/wp-content\/uploads\/2022\/05\/Frame13.png\" alt=\"\">\n    <span>FOLHA DE DOBRAMENTO<\/span>\n<\/div>\n<\/a>\t\t\t\t<\/div>\n\t\t\t\t<\/div>\n\t\t\t\t\t<\/div>\n\t\t<\/div>\n\t\t\t\t<div class=\"elementor-column elementor-col-25 elementor-top-column elementor-element elementor-element-eec9166\" data-id=\"eec9166\" data-element_type=\"column\" data-e-type=\"column\">\n\t\t\t<div class=\"elementor-widget-wrap elementor-element-populated\">\n\t\t\t\t\t\t<div class=\"elementor-element elementor-element-64979f2 elementor-widget elementor-widget-image\" data-id=\"64979f2\" data-element_type=\"widget\" data-e-type=\"widget\" data-widget_type=\"image.default\">\n\t\t\t\t<div class=\"elementor-widget-container\">\n\t\t\t\t\t\t\t\t\t\t\t\t\t\t\t\t<a href=\"https:\/\/cepi.es\/hoja-corredera\/\">\n\t\t\t\t\t\t\t<img decoding=\"async\" width=\"450\" height=\"450\" src=\"https:\/\/cepi.es\/wp-content\/uploads\/2022\/08\/cerramiento-de-cristal-pergola.jpg\" class=\"attachment-full size-full wp-image-5454\" alt=\"\" srcset=\"https:\/\/cepi.es\/wp-content\/uploads\/2022\/08\/cerramiento-de-cristal-pergola.jpg 450w, https:\/\/cepi.es\/wp-content\/uploads\/2022\/08\/cerramiento-de-cristal-pergola-300x300.jpg 300w, https:\/\/cepi.es\/wp-content\/uploads\/2022\/08\/cerramiento-de-cristal-pergola-150x150.jpg 150w\" sizes=\"(max-width: 450px) 100vw, 450px\">\t\t\t\t\t\t\t\t<\/a>\n\t\t\t\t\t\t\t\t\t\t\t\t\t\t\t<\/div>\n\t\t\t\t<\/div>\n\t\t\t\t<div class=\"elementor-element elementor-element-8d96369 elementor-widget elementor-widget-html\" data-id=\"8d96369\" data-element_type=\"widget\" data-e-type=\"widget\" data-widget_type=\"html.default\">\n\t\t\t\t<div class=\"elementor-widget-container\">\n\t\t\t\t\t<a href=\"https:\/\/cepi.es\/hoja-corredera\/\">\n<div class=\"abs_\">\n    <img decoding=\"async\" src=\"https:\/\/cepi.es\/wp-content\/uploads\/2022\/05\/Frame13.png\" alt=\"\">\n    <span>FOLHA DESLIZANTE<\/span>\n<\/div>\n<\/a>\t\t\t\t<\/div>\n\t\t\t\t<\/div>\n\t\t\t\t\t<\/div>\n\t\t<\/div>\n\t\t\t\t<div class=\"elementor-column elementor-col-25 elementor-top-column elementor-element elementor-element-99f95c6\" data-id=\"99f95c6\" data-element_type=\"column\" data-e-type=\"column\">\n\t\t\t<div class=\"elementor-widget-wrap elementor-element-populated\">\n\t\t\t\t\t\t<div class=\"elementor-element elementor-element-dee3fcb elementor-widget elementor-widget-image\" data-id=\"dee3fcb\" data-element_type=\"widget\" data-e-type=\"widget\" data-widget_type=\"image.default\">\n\t\t\t\t<div class=\"elementor-widget-container\">\n\t\t\t\t\t\t\t\t\t\t\t\t\t\t\t\t<a href=\"https:\/\/cepi.es\/panel-deslizante-sin-guia-inferior\/\">\n\t\t\t\t\t\t\t<img loading=\"lazy\" decoding=\"async\" width=\"450\" height=\"450\" src=\"https:\/\/cepi.es\/wp-content\/uploads\/2022\/08\/cortinas-de-cristal-para-terraza.jpg\" class=\"attachment-full size-full wp-image-5455\" alt=\"\" srcset=\"https:\/\/cepi.es\/wp-content\/uploads\/2022\/08\/cortinas-de-cristal-para-terraza.jpg 450w, https:\/\/cepi.es\/wp-content\/uploads\/2022\/08\/cortinas-de-cristal-para-terraza-300x300.jpg 300w, https:\/\/cepi.es\/wp-content\/uploads\/2022\/08\/cortinas-de-cristal-para-terraza-150x150.jpg 150w\" sizes=\"(max-width: 450px) 100vw, 450px\">\t\t\t\t\t\t\t\t<\/a>\n\t\t\t\t\t\t\t\t\t\t\t\t\t\t\t<\/div>\n\t\t\t\t<\/div>\n\t\t\t\t<div class=\"elementor-element elementor-element-8e07cce elementor-widget elementor-widget-html\" data-id=\"8e07cce\" data-element_type=\"widget\" data-e-type=\"widget\" data-widget_type=\"html.default\">\n\t\t\t\t<div class=\"elementor-widget-container\">\n\t\t\t\t\t<a href=\"https:\/\/cepi.es\/panel-deslizante-sin-guia-inferior\/\">\n<div class=\"abs_\">\n    <img decoding=\"async\" src=\"https:\/\/cepi.es\/wp-content\/uploads\/2022\/05\/Frame13.png\" alt=\"\">\n    <span>PAINEL DESLIZANTE SEM GUIA INFERIOR<\/span>\n<\/div>\n<\/a>\t\t\t\t<\/div>\n\t\t\t\t<\/div>\n\t\t\t\t\t<\/div>\n\t\t<\/div>\n\t\t\t\t<div class=\"elementor-column elementor-col-25 elementor-top-column elementor-element elementor-element-51a4697\" data-id=\"51a4697\" data-element_type=\"column\" data-e-type=\"column\">\n\t\t\t<div class=\"elementor-widget-wrap elementor-element-populated\">\n\t\t\t\t\t\t<div class=\"elementor-element elementor-element-764bd2f elementor-widget elementor-widget-image\" data-id=\"764bd2f\" data-element_type=\"widget\" data-e-type=\"widget\" data-widget_type=\"image.default\">\n\t\t\t\t<div class=\"elementor-widget-container\">\n\t\t\t\t\t\t\t\t\t\t\t\t\t\t\t\t<a href=\"https:\/\/cepi.es\/corredera-vertical\/\">\n\t\t\t\t\t\t\t<img loading=\"lazy\" decoding=\"async\" width=\"450\" height=\"450\" src=\"https:\/\/cepi.es\/wp-content\/uploads\/2022\/08\/precio-cortinas-de-cristal.jpg\" class=\"attachment-full size-full wp-image-5456\" alt=\"\" srcset=\"https:\/\/cepi.es\/wp-content\/uploads\/2022\/08\/precio-cortinas-de-cristal.jpg 450w, https:\/\/cepi.es\/wp-content\/uploads\/2022\/08\/precio-cortinas-de-cristal-300x300.jpg 300w, https:\/\/cepi.es\/wp-content\/uploads\/2022\/08\/precio-cortinas-de-cristal-150x150.jpg 150w\" sizes=\"(max-width: 450px) 100vw, 450px\">\t\t\t\t\t\t\t\t<\/a>\n\t\t\t\t\t\t\t\t\t\t\t\t\t\t\t<\/div>\n\t\t\t\t<\/div>\n\t\t\t\t<div class=\"elementor-element elementor-element-e48f1e3 elementor-widget elementor-widget-html\" data-id=\"e48f1e3\" data-element_type=\"widget\" data-e-type=\"widget\" data-widget_type=\"html.default\">\n\t\t\t\t<div class=\"elementor-widget-container\">\n\t\t\t\t\t<a href=\"https:\/\/cepi.es\/corredera-vertical\/\">\n<div class=\"abs_\">\n    <img decoding=\"async\" src=\"https:\/\/cepi.es\/wp-content\/uploads\/2022\/06\/Frame16.png\" alt=\"\">\n    <span>DESLIZAMENTO VERTICAL<\/span>\n<\/div>\n<\/a>\t\t\t\t<\/div>\n\t\t\t\t<\/div>\n\t\t\t\t\t<\/div>\n\t\t<\/div>\n\t\t\t\t\t<\/div>\n\t\t<\/section>\n\t\t\t\t<section class=\"elementor-section elementor-top-section elementor-element elementor-element-8171f74 elementor-section-content-middle elementor-section-boxed elementor-section-height-default elementor-section-height-default\" data-id=\"8171f74\" data-element_type=\"section\" data-e-type=\"section\">\n\t\t\t\t\t\t<div class=\"elementor-container elementor-column-gap-default\">\n\t\t\t\t\t<div class=\"elementor-column elementor-col-50 elementor-top-column elementor-element elementor-element-dd92478 elementor-invisible\" data-id=\"dd92478\" data-element_type=\"column\" data-e-type=\"column\" data-settings=\"{&quot;animation&quot;:&quot;fadeInRight&quot;}\">\n\t\t\t<div class=\"elementor-widget-wrap elementor-element-populated\">\n\t\t\t\t\t\t<div class=\"elementor-element elementor-element-b68f775 elementor-widget elementor-widget-heading\" data-id=\"b68f775\" data-element_type=\"widget\" data-e-type=\"widget\" data-widget_type=\"heading.default\">\n\t\t\t\t<div class=\"elementor-widget-container\">\n\t\t\t\t\t<h2 class=\"elementor-heading-title elementor-size-default\">Cortinas de vidro para terra\u00e7os<\/h2>\t\t\t\t<\/div>\n\t\t\t\t<\/div>\n\t\t\t\t<div class=\"elementor-element elementor-element-c486379 elementor-widget elementor-widget-text-editor\" data-id=\"c486379\" data-element_type=\"widget\" data-e-type=\"widget\" data-widget_type=\"text-editor.default\">\n\t\t\t\t<div class=\"elementor-widget-container\">\n\t\t\t\t\t\t\t\t\t<div class=\"elementor-element elementor-element-c486379 elementor-widget elementor-widget-text-editor\" data-id=\"c486379\" data-element_type=\"widget\" data-widget_type=\"text-editor.default\">\n<div class=\"elementor-widget-container\">\n<p>Confia<\/p>\n<\/div>\n<\/div>\n\t\t\t\t\t\t\t\t<\/div>\n\t\t\t\t<\/div>\n\t\t\t\t<div class=\"elementor-element elementor-element-08b6728 elementor-widget elementor-widget-text-editor\" data-id=\"08b6728\" data-element_type=\"widget\" data-e-type=\"widget\" data-widget_type=\"text-editor.default\">\n\t\t\t\t<div class=\"elementor-widget-container\">\n\t\t\t\t\t\t\t\t\t<p>Somos uma empresa com <strong>mais de 40 anos de experi\u00eancia<\/strong> no sector, especialistas em sistemas e solu\u00e7\u00f5es \u00fanicas em alum\u00ednio e vidro, adaptando-se \u00e0s exig\u00eancias actuais.<\/p>\n<\/p>\n<p>Todos os produtos utilizados no fabrico dos nossos sistemas s\u00e3o submetidos a <strong>todos os controlos de qualidade<\/strong>, cumprindo as normas aplic\u00e1veis em cada caso e local. Oferecemos um amplo apoio aos nossos distribuidores com <strong>assist\u00eancia t\u00e9cnico-comercial e forma\u00e7\u00e3o<\/strong> na aplica\u00e7\u00e3o dos nossos sistemas, uma vasta rede comercial em Espanha e Portugal.<\/p>\n\t\t\t\t\t\t\t\t<\/div>\n\t\t\t\t<\/div>\n\t\t\t\t\t<\/div>\n\t\t<\/div>\n\t\t\t\t<div class=\"elementor-column elementor-col-50 elementor-top-column elementor-element elementor-element-065be36\" data-id=\"065be36\" data-element_type=\"column\" data-e-type=\"column\">\n\t\t\t<div class=\"elementor-widget-wrap elementor-element-populated\">\n\t\t\t\t\t\t<div class=\"elementor-element elementor-element-2920241 elementor-widget elementor-widget-image\" data-id=\"2920241\" data-element_type=\"widget\" data-e-type=\"widget\" data-widget_type=\"image.default\">\n\t\t\t\t<div class=\"elementor-widget-container\">\n\t\t\t\t\t\t\t\t\t\t\t\t\t\t\t<img loading=\"lazy\" decoding=\"async\" width=\"900\" height=\"675\" src=\"https:\/\/cepi.es\/wp-content\/uploads\/2022\/08\/cepi-empresa-cerramientos-pergolas-aluminio.jpg\" class=\"attachment-full size-full wp-image-5443\" alt=\"\" srcset=\"https:\/\/cepi.es\/wp-content\/uploads\/2022\/08\/cepi-empresa-cerramientos-pergolas-aluminio.jpg 900w, https:\/\/cepi.es\/wp-content\/uploads\/2022\/08\/cepi-empresa-cerramientos-pergolas-aluminio-300x225.jpg 300w, https:\/\/cepi.es\/wp-content\/uploads\/2022\/08\/cepi-empresa-cerramientos-pergolas-aluminio-768x576.jpg 768w\" sizes=\"(max-width: 900px) 100vw, 900px\">\t\t\t\t\t\t\t\t\t\t\t\t\t\t\t<\/div>\n\t\t\t\t<\/div>\n\t\t\t\t\t<\/div>\n\t\t<\/div>\n\t\t\t\t\t<\/div>\n\t\t<\/section>\n\t\t\t\t<section class=\"elementor-section elementor-top-section elementor-element elementor-element-e5d0569 elementor-section-boxed elementor-section-height-default elementor-section-height-default\" data-id=\"e5d0569\" data-element_type=\"section\" data-e-type=\"section\" data-settings=\"{&quot;background_background&quot;:&quot;classic&quot;}\">\n\t\t\t\t\t\t<div class=\"elementor-container elementor-column-gap-default\">\n\t\t\t\t\t<div class=\"elementor-column elementor-col-100 elementor-top-column elementor-element elementor-element-b37dc3a\" data-id=\"b37dc3a\" data-element_type=\"column\" data-e-type=\"column\">\n\t\t\t<div class=\"elementor-widget-wrap elementor-element-populated\">\n\t\t\t\t\t\t<div class=\"elementor-element elementor-element-50ead97 elementor-widget elementor-widget-heading\" data-id=\"50ead97\" data-element_type=\"widget\" data-e-type=\"widget\" data-widget_type=\"heading.default\">\n\t\t\t\t<div class=\"elementor-widget-container\">\n\t\t\t\t\t<h2 class=\"elementor-heading-title elementor-size-default\">Divis\u00f3rias com cortinas de vidro<\/h2>\t\t\t\t<\/div>\n\t\t\t\t<\/div>\n\t\t\t\t<div class=\"elementor-element elementor-element-b5061fe elementor-widget elementor-widget-text-editor\" data-id=\"b5061fe\" data-element_type=\"widget\" data-e-type=\"widget\" data-widget_type=\"text-editor.default\">\n\t\t\t\t<div class=\"elementor-widget-container\">\n\t\t\t\t\t\t\t\t\t<p>Encontra a melhor solu\u00e7\u00e3o.<\/p>\n<p>Contacta-nos agora.<\/p>\n\t\t\t\t\t\t\t\t<\/div>\n\t\t\t\t<\/div>\n\t\t\t\t\t<\/div>\n\t\t<\/div>\n\t\t\t\t\t<\/div>\n\t\t<\/section>\n\t\t\t\t<section class=\"elementor-section elementor-top-section elementor-element elementor-element-e1c3b0f mw_ elementor-section-boxed elementor-section-height-default elementor-section-height-default\" data-id=\"e1c3b0f\" data-element_type=\"section\" data-e-type=\"section\">\n\t\t\t\t\t\t<div class=\"elementor-container elementor-column-gap-default\">\n\t\t\t\t\t<div class=\"elementor-column elementor-col-100 elementor-top-column elementor-element elementor-element-768c852\" data-id=\"768c852\" data-element_type=\"column\" data-e-type=\"column\">\n\t\t\t<div class=\"elementor-widget-wrap elementor-element-populated\">\n\t\t\t\t\t\t<section class=\"elementor-section elementor-inner-section elementor-element elementor-element-02b909c elementor-section-boxed elementor-section-height-default elementor-section-height-default elementor-invisible\" data-id=\"02b909c\" data-element_type=\"section\" data-e-type=\"section\" data-settings=\"{&quot;background_background&quot;:&quot;classic&quot;,&quot;animation&quot;:&quot;fadeIn&quot;}\">\n\t\t\t\t\t\t<div class=\"elementor-container elementor-column-gap-default\">\n\t\t\t\t\t<div class=\"elementor-column elementor-col-100 elementor-inner-column elementor-element elementor-element-1df43dc\" data-id=\"1df43dc\" data-element_type=\"column\" data-e-type=\"column\">\n\t\t\t<div class=\"elementor-widget-wrap elementor-element-populated\">\n\t\t\t\t\t\t<div class=\"elementor-element elementor-element-1ea465b elementor-widget elementor-widget-shortcode\" data-id=\"1ea465b\" data-element_type=\"widget\" data-e-type=\"widget\" data-widget_type=\"shortcode.default\">\n\t\t\t\t<div class=\"elementor-widget-container\">\n\t\t\t\t\t\t\t<div class=\"elementor-shortcode\">\n<div class=\"wpcf7 no-js\" id=\"wpcf7-f798-o1\" lang=\"es-VE\" dir=\"ltr\" data-wpcf7-id=\"798\">\n<div class=\"screen-reader-response\"><p role=\"status\" aria-live=\"polite\" aria-atomic=\"true\"><\/p> <ul><\/ul><\/div>\n<form action=\"\/pt-pt\/wp-json\/wp\/v2\/pages\/5513#wpcf7-f798-o1\" method=\"post\" class=\"wpcf7-form init\" aria-label=\"Formulario de contacto\" novalidate=\"novalidate\" data-status=\"init\">\n<fieldset class=\"hidden-fields-container\"><input type=\"hidden\" name=\"_wpcf7\" value=\"798\" \/><input type=\"hidden\" name=\"_wpcf7_version\" value=\"6.1.5\" \/><input type=\"hidden\" name=\"_wpcf7_locale\" value=\"es_VE\" \/><input type=\"hidden\" name=\"_wpcf7_unit_tag\" value=\"wpcf7-f798-o1\" \/><input type=\"hidden\" name=\"_wpcf7_container_post\" value=\"0\" \/><input type=\"hidden\" name=\"_wpcf7_posted_data_hash\" value=\"\" \/>\n<\/fieldset>\n<div class=\"flex_\"><label> Nombre <span class=\"wpcf7-form-control-wrap\" data-name=\"your-contacto\"><input size=\"40\" maxlength=\"400\" class=\"wpcf7-form-control wpcf7-text wpcf7-validates-as-required\" aria-required=\"true\" aria-invalid=\"false\" value=\"\" type=\"text\" name=\"your-contacto\" \/><\/span><\/label><label> Tel\u00e9fono <span class=\"wpcf7-form-control-wrap\" data-name=\"your-phone\"><input size=\"40\" maxlength=\"10\" class=\"wpcf7-form-control wpcf7-tel wpcf7-validates-as-required wpcf7-text wpcf7-validates-as-tel\" aria-required=\"true\" aria-invalid=\"false\" value=\"\" type=\"tel\" name=\"your-phone\" \/><\/span> <\/label><\/div>\n<div class=\"flex_\"><label> Correo Electr\u00f3nico <span class=\"wpcf7-form-control-wrap\" data-name=\"your-email\"><input size=\"40\" maxlength=\"400\" class=\"wpcf7-form-control wpcf7-email wpcf7-validates-as-required wpcf7-text wpcf7-validates-as-email\" aria-required=\"true\" aria-invalid=\"false\" value=\"\" type=\"email\" name=\"your-email\" \/><\/span> <\/label><label> Localidad <span class=\"wpcf7-form-control-wrap\" data-name=\"your-direccion\"><input size=\"40\" maxlength=\"400\" class=\"wpcf7-form-control wpcf7-text wpcf7-validates-as-required\" aria-required=\"true\" aria-invalid=\"false\" value=\"\" type=\"text\" name=\"your-direccion\" \/><\/span><\/label><\/div>\n<div class=\"flex_\"><label> Provincia <span class=\"wpcf7-form-control-wrap\" data-name=\"your-provincia\"><input size=\"40\" maxlength=\"400\" class=\"wpcf7-form-control wpcf7-text wpcf7-validates-as-required\" aria-required=\"true\" aria-invalid=\"false\" value=\"\" type=\"text\" name=\"your-provincia\" \/><\/span> <\/label><label> C\u00f3digo Postal <span class=\"wpcf7-form-control-wrap\" data-name=\"your-codigo\"><input size=\"40\" maxlength=\"400\" class=\"wpcf7-form-control wpcf7-text wpcf7-validates-as-required\" aria-required=\"true\" aria-invalid=\"false\" value=\"\" type=\"text\" name=\"your-codigo\" \/><\/span> <\/label><\/div>\n<label> Seleccione <span class=\"wpcf7-form-control-wrap\" data-name=\"menu-323\"><select class=\"wpcf7-form-control wpcf7-select wpcf7-validates-as-required\" aria-required=\"true\" aria-invalid=\"false\" name=\"menu-323\"><option value=\"\">&#8212;Por favor, elige una opci\u00f3n&#8212;<\/option><option value=\"Profesional\">Profesional<\/option><option value=\"Prescriptor\">Prescriptor<\/option><option value=\"Part\u00edcular\">Part\u00edcular<\/option><\/select><\/span> <\/label>\n<label> Solicitud* <span class=\"wpcf7-form-control-wrap\" data-name=\"your-message\"><textarea cols=\"40\" rows=\"10\" maxlength=\"2000\" class=\"wpcf7-form-control wpcf7-textarea\" aria-invalid=\"false\" placeholder=\"Descr\u00edbenos brevemente tu proyecto\" name=\"your-message\"><\/textarea><\/span> <\/label>\n<span class=\"wpcf7-form-control-wrap\" data-name=\"acceptance-773\"><span class=\"wpcf7-form-control wpcf7-acceptance\"><span class=\"wpcf7-list-item\"><label><input type=\"checkbox\" name=\"acceptance-773\" value=\"1\" aria-invalid=\"false\" \/><span class=\"wpcf7-list-item-label\">Acepto la <a target=\"_blank\" href=\"https:\/\/cepi.es\/politica-privacidad\/\">pol\u00edtica de privacidad<\/a><\/span><\/label><\/span><\/span><\/span> <input class=\"wpcf7-form-control wpcf7-submit has-spinner\" type=\"submit\" value=\"SOLICITAR INFORMACI\u00d3N\" \/><div class=\"wpcf7-response-output\" aria-hidden=\"true\"><\/div>\n<\/form>\n<\/div>\n<\/div>\n\t\t\t\t\t\t<\/div>\n\t\t\t\t<\/div>\n\t\t\t\t\t<\/div>\n\t\t<\/div>\n\t\t\t\t\t<\/div>\n\t\t<\/section>\n\t\t\t\t\t<\/div>\n\t\t<\/div>\n\t\t\t\t\t<\/div>\n\t\t<\/section>\n\t\t\t\t<\/div>\n\t\t","protected":false},"excerpt":{"rendered":"<p>ARM\u00c1RIOS DE VIDRO KADO Cortinas de vidro A nossa gama de divis\u00f3rias de vidro \u00e9 o sistema ideal para criar novos espa\u00e7os, cheios de luz e protegidos das intemp\u00e9ries, permitindo-te desfrutar de vistas sem restri\u00e7\u00f5es. FOLHA DE DOBRAMENTO FOLHA DESLIZANTE PAINEL DESLIZANTE SEM GUIA INFERIOR DESLIZAMENTO VERTICAL Cortinas de vidro para terra\u00e7os Confia Somos uma &#8230; <a title=\"Caixas de prote\u00e7\u00e3o\" class=\"read-more\" href=\"https:\/\/cepi.es\/pt-pt\/categoria-caixas-de-protecao\/\" aria-label=\"Leia mais sobre Caixas de prote\u00e7\u00e3o\">Ler mais<\/a><\/p>\n","protected":false},"author":1,"featured_media":0,"parent":0,"menu_order":0,"comment_status":"closed","ping_status":"closed","template":"","meta":{"footnotes":""},"class_list":["post-5513","page","type-page","status-publish"],"_links":{"self":[{"href":"https:\/\/cepi.es\/pt-pt\/wp-json\/wp\/v2\/pages\/5513","targetHints":{"allow":["GET"]}}],"collection":[{"href":"https:\/\/cepi.es\/pt-pt\/wp-json\/wp\/v2\/pages"}],"about":[{"href":"https:\/\/cepi.es\/pt-pt\/wp-json\/wp\/v2\/types\/page"}],"author":[{"embeddable":true,"href":"https:\/\/cepi.es\/pt-pt\/wp-json\/wp\/v2\/users\/1"}],"replies":[{"embeddable":true,"href":"https:\/\/cepi.es\/pt-pt\/wp-json\/wp\/v2\/comments?post=5513"}],"version-history":[{"count":4,"href":"https:\/\/cepi.es\/pt-pt\/wp-json\/wp\/v2\/pages\/5513\/revisions"}],"predecessor-version":[{"id":5605,"href":"https:\/\/cepi.es\/pt-pt\/wp-json\/wp\/v2\/pages\/5513\/revisions\/5605"}],"wp:attachment":[{"href":"https:\/\/cepi.es\/pt-pt\/wp-json\/wp\/v2\/media?parent=5513"}],"curies":[{"name":"wp","href":"https:\/\/api.w.org\/{rel}","templated":true}]}}