{"id":5517,"date":"2022-06-20T08:31:52","date_gmt":"2022-06-20T12:31:52","guid":{"rendered":"https:\/\/cepi.es\/categoria-pergolas\/"},"modified":"2024-05-01T09:28:17","modified_gmt":"2024-05-01T13:28:17","slug":"categoria-pergolas","status":"publish","type":"page","link":"https:\/\/cepi.es\/pt-pt\/categoria-pergolas\/","title":{"rendered":"P\u00e9rgolas"},"content":{"rendered":"\t\t<div data-elementor-type=\"wp-page\" data-elementor-id=\"5517\" class=\"elementor elementor-5517 elementor-1533\" data-elementor-post-type=\"page\">\n\t\t\t\t\t\t<section class=\"elementor-section elementor-top-section elementor-element elementor-element-45004e3 absd sect_2   elementor-section-full_width elementor-section-height-default elementor-section-height-default\" data-id=\"45004e3\" data-element_type=\"section\" data-e-type=\"section\" data-settings=\"{&quot;animation&quot;:&quot;none&quot;}\">\n\t\t\t\t\t\t<div class=\"elementor-container elementor-column-gap-default\">\n\t\t\t\t\t<div class=\"elementor-column elementor-col-100 elementor-top-column elementor-element elementor-element-eb6968d\" data-id=\"eb6968d\" data-element_type=\"column\" data-e-type=\"column\">\n\t\t\t<div class=\"elementor-widget-wrap elementor-element-populated\">\n\t\t\t\t\t\t<div class=\"elementor-element elementor-element-c174b04 elementor-widget elementor-widget-image\" data-id=\"c174b04\" data-element_type=\"widget\" data-e-type=\"widget\" data-widget_type=\"image.default\">\n\t\t\t\t<div class=\"elementor-widget-container\">\n\t\t\t\t\t\t\t\t\t\t\t\t\t\t\t<img fetchpriority=\"high\" decoding=\"async\" width=\"1600\" height=\"362\" src=\"https:\/\/cepi.es\/wp-content\/uploads\/2022\/07\/CABECERA-PERGOLAS.jpg\" class=\"attachment-full size-full wp-image-5187\" alt=\"\" srcset=\"https:\/\/cepi.es\/wp-content\/uploads\/2022\/07\/CABECERA-PERGOLAS.jpg 1600w, https:\/\/cepi.es\/wp-content\/uploads\/2022\/07\/CABECERA-PERGOLAS-300x68.jpg 300w, https:\/\/cepi.es\/wp-content\/uploads\/2022\/07\/CABECERA-PERGOLAS-1024x232.jpg 1024w, https:\/\/cepi.es\/wp-content\/uploads\/2022\/07\/CABECERA-PERGOLAS-768x174.jpg 768w, https:\/\/cepi.es\/wp-content\/uploads\/2022\/07\/CABECERA-PERGOLAS-1536x348.jpg 1536w\" sizes=\"(max-width: 1600px) 100vw, 1600px\">\t\t\t\t\t\t\t\t\t\t\t\t\t\t\t<\/div>\n\t\t\t\t<\/div>\n\t\t\t\t<div class=\"elementor-element elementor-element-71f2d36 elementor-widget elementor-widget-html\" data-id=\"71f2d36\" data-element_type=\"widget\" data-e-type=\"widget\" data-widget_type=\"html.default\">\n\t\t\t\t<div class=\"elementor-widget-container\">\n\t\t\t\t\t<div class=\"elementor-section elementor-section-boxed\">\n<div style=\"padding-left: 10px; padding-right: 10px;\" class=\"elementor-container\">\n<div class=\"abs_ alt per\" style=\"bottom: 0px; left: 0; right: 0; margin: 0 auto;\">\n    <img decoding=\"async\" style=\"margin-right: 0;\" src=\"https:\/\/cepi.es\/wp-content\/uploads\/2022\/06\/Frame24.png\" alt=\"\">\n    <img decoding=\"async\" style=\"margin-right: 0;\" src=\"https:\/\/cepi.es\/wp-content\/uploads\/2023\/03\/HR.png\" alt=\"\">\n    <img decoding=\"async\" style=\"margin-right: 0;\" src=\"https:\/\/cepi.es\/wp-content\/uploads\/2022\/06\/Frame23.png\" alt=\"\">\n    <img decoding=\"async\" src=\"https:\/\/cepi.es\/wp-content\/uploads\/2022\/06\/Frame25.png\" alt=\"\">\n    <span>PERGOLAS<\/span>\n<\/div>\n<\/div>\n<\/div>\t\t\t\t<\/div>\n\t\t\t\t<\/div>\n\t\t\t\t<div class=\"elementor-element elementor-element-e595043 elementor-widget elementor-widget-heading\" data-id=\"e595043\" data-element_type=\"widget\" data-e-type=\"widget\" data-widget_type=\"heading.default\">\n\t\t\t\t<div class=\"elementor-widget-container\">\n\t\t\t\t\t<h1 class=\"elementor-heading-title elementor-size-default\">Fabricante de p\u00e9rgulas<\/h1>\t\t\t\t<\/div>\n\t\t\t\t<\/div>\n\t\t\t\t<div class=\"elementor-element elementor-element-08b6728 mw_3 elementor-widget elementor-widget-text-editor\" data-id=\"08b6728\" data-element_type=\"widget\" data-e-type=\"widget\" data-widget_type=\"text-editor.default\">\n\t\t\t\t<div class=\"elementor-widget-container\">\n\t\t\t\t\t\t\t\t\t<p>Os nossos <strong>sistemas de<\/strong> p\u00e9rgolas incluem as p\u00e9rgolas HIBRA como p\u00e9rgolas bioclim\u00e1ticas de l\u00e2minas e a p\u00e9rgola SOLARIO, uma p\u00e9rgola de pain\u00e9is ou de vidro. S\u00e3o estruturas de alum\u00ednio <strong>concebidas \u00e0 medida, personaliz\u00e1veis e adapt\u00e1veis a qualquer ambiente<\/strong>, oferecendo prote\u00e7\u00e3o contra a radia\u00e7\u00e3o solar, a chuva e o vento. Podes desfrutar do espa\u00e7o exterior durante todo o ano.<\/p>\n\t\t\t\t\t\t\t\t<\/div>\n\t\t\t\t<\/div>\n\t\t\t\t<div class=\"elementor-element elementor-element-fb910fb elementor-align-center elementor-widget elementor-widget-button\" data-id=\"fb910fb\" data-element_type=\"widget\" data-e-type=\"widget\" data-widget_type=\"button.default\">\n\t\t\t\t<div class=\"elementor-widget-container\">\n\t\t\t\t\t\t\t\t\t<div class=\"elementor-button-wrapper\">\n\t\t\t\t\t<a class=\"elementor-button elementor-button-link elementor-size-sm\" href=\"https:\/\/cepi.es\/wp-content\/uploads\/2022\/10\/nuevo-mando-cepi-pergolas-techos.pdf\" target=\"_blank\">\n\t\t\t\t\t\t<span class=\"elementor-button-content-wrapper\">\n\t\t\t\t\t\t\t\t\t<span class=\"elementor-button-text\">Novo comando LICE<\/span>\n\t\t\t\t\t<\/span>\n\t\t\t\t\t<\/a>\n\t\t\t\t<\/div>\n\t\t\t\t\t\t\t\t<\/div>\n\t\t\t\t<\/div>\n\t\t\t\t\t<\/div>\n\t\t<\/div>\n\t\t\t\t\t<\/div>\n\t\t<\/section>\n\t\t\t\t<section class=\"elementor-section elementor-top-section elementor-element elementor-element-42ad92d absd sect_2  elementor-section-boxed elementor-section-height-default elementor-section-height-default elementor-invisible\" data-id=\"42ad92d\" data-element_type=\"section\" data-e-type=\"section\" data-settings=\"{&quot;animation&quot;:&quot;fadeInLeft&quot;}\">\n\t\t\t\t\t\t<div class=\"elementor-container elementor-column-gap-default\">\n\t\t\t\t\t<div class=\"elementor-column elementor-col-50 elementor-top-column elementor-element elementor-element-568b380\" data-id=\"568b380\" data-element_type=\"column\" data-e-type=\"column\">\n\t\t\t<div class=\"elementor-widget-wrap elementor-element-populated\">\n\t\t\t\t\t\t<div class=\"elementor-element elementor-element-4f2f8a6 elementor-widget elementor-widget-image\" data-id=\"4f2f8a6\" data-element_type=\"widget\" data-e-type=\"widget\" data-widget_type=\"image.default\">\n\t\t\t\t<div class=\"elementor-widget-container\">\n\t\t\t\t\t\t\t\t\t\t\t\t\t\t\t\t<a href=\"https:\/\/cepi.es\/hibra-bioclimatica-orientable-retractil\/\">\n\t\t\t\t\t\t\t<img decoding=\"async\" width=\"700\" height=\"525\" src=\"https:\/\/cepi.es\/wp-content\/uploads\/2023\/06\/pergola-bioclimatica-orientable-retractil.jpg\" class=\"attachment-full size-full wp-image-5493\" alt=\"\" srcset=\"https:\/\/cepi.es\/wp-content\/uploads\/2023\/06\/pergola-bioclimatica-orientable-retractil.jpg 700w, https:\/\/cepi.es\/wp-content\/uploads\/2023\/06\/pergola-bioclimatica-orientable-retractil-300x225.jpg 300w\" sizes=\"(max-width: 700px) 100vw, 700px\">\t\t\t\t\t\t\t\t<\/a>\n\t\t\t\t\t\t\t\t\t\t\t\t\t\t\t<\/div>\n\t\t\t\t<\/div>\n\t\t\t\t<div class=\"elementor-element elementor-element-5012592 elementor-widget elementor-widget-html\" data-id=\"5012592\" data-element_type=\"widget\" data-e-type=\"widget\" data-widget_type=\"html.default\">\n\t\t\t\t<div class=\"elementor-widget-container\">\n\t\t\t\t\t<div style=\"width: 85%;\" class=\"abs_\">\n    <img decoding=\"async\" style=\"max-width: 55px;\" src=\"https:\/\/cepi.es\/wp-content\/uploads\/2023\/06\/pictograma_HOR.png\" alt=\"\">\n    <span>BIOCLIM\u00c1TICO AJUST\u00c1VEL + RETR\u00c1CTIL<\/span>\n<\/div>\t\t\t\t<\/div>\n\t\t\t\t<\/div>\n\t\t\t\t\t<\/div>\n\t\t<\/div>\n\t\t\t\t<div class=\"elementor-column elementor-col-50 elementor-top-column elementor-element elementor-element-47b40c9\" data-id=\"47b40c9\" data-element_type=\"column\" data-e-type=\"column\">\n\t\t\t<div class=\"elementor-widget-wrap elementor-element-populated\">\n\t\t\t\t\t\t<div class=\"elementor-element elementor-element-cdad65a elementor-widget elementor-widget-image\" data-id=\"cdad65a\" data-element_type=\"widget\" data-e-type=\"widget\" data-widget_type=\"image.default\">\n\t\t\t\t<div class=\"elementor-widget-container\">\n\t\t\t\t\t\t\t\t\t\t\t\t\t\t\t\t<a href=\"https:\/\/cepi.es\/pergola-retractil\/\">\n\t\t\t\t\t\t\t<img decoding=\"async\" width=\"1600\" height=\"1200\" src=\"https:\/\/cepi.es\/wp-content\/uploads\/2022\/08\/HR-min.jpg\" class=\"attachment-full size-full wp-image-5347\" alt=\"\" srcset=\"https:\/\/cepi.es\/wp-content\/uploads\/2022\/08\/HR-min.jpg 1600w, https:\/\/cepi.es\/wp-content\/uploads\/2022\/08\/HR-min-300x225.jpg 300w, https:\/\/cepi.es\/wp-content\/uploads\/2022\/08\/HR-min-1024x768.jpg 1024w, https:\/\/cepi.es\/wp-content\/uploads\/2022\/08\/HR-min-768x576.jpg 768w, https:\/\/cepi.es\/wp-content\/uploads\/2022\/08\/HR-min-1536x1152.jpg 1536w\" sizes=\"(max-width: 1600px) 100vw, 1600px\">\t\t\t\t\t\t\t\t<\/a>\n\t\t\t\t\t\t\t\t\t\t\t\t\t\t\t<\/div>\n\t\t\t\t<\/div>\n\t\t\t\t<div class=\"elementor-element elementor-element-85f9021 elementor-widget elementor-widget-html\" data-id=\"85f9021\" data-element_type=\"widget\" data-e-type=\"widget\" data-widget_type=\"html.default\">\n\t\t\t\t<div class=\"elementor-widget-container\">\n\t\t\t\t\t<div class=\"abs_\">\n    <img decoding=\"async\" src=\"https:\/\/cepi.es\/wp-content\/uploads\/2023\/03\/HR.png\" alt=\"\">\n    <span>BIOCLIM\u00c1TICO RETR\u00c1CTIL<\/span>\n<\/div>\t\t\t\t<\/div>\n\t\t\t\t<\/div>\n\t\t\t\t\t<\/div>\n\t\t<\/div>\n\t\t\t\t\t<\/div>\n\t\t<\/section>\n\t\t\t\t<section class=\"elementor-section elementor-top-section elementor-element elementor-element-0c709bd absd sect_2  elementor-section-boxed elementor-section-height-default elementor-section-height-default elementor-invisible\" data-id=\"0c709bd\" data-element_type=\"section\" data-e-type=\"section\" data-settings=\"{&quot;animation&quot;:&quot;fadeInLeft&quot;}\">\n\t\t\t\t\t\t<div class=\"elementor-container elementor-column-gap-default\">\n\t\t\t\t\t<div class=\"elementor-column elementor-col-50 elementor-top-column elementor-element elementor-element-481a2d7\" data-id=\"481a2d7\" data-element_type=\"column\" data-e-type=\"column\">\n\t\t\t<div class=\"elementor-widget-wrap elementor-element-populated\">\n\t\t\t\t\t\t<div class=\"elementor-element elementor-element-ee6b0a9 elementor-widget elementor-widget-image\" data-id=\"ee6b0a9\" data-element_type=\"widget\" data-e-type=\"widget\" data-widget_type=\"image.default\">\n\t\t\t\t<div class=\"elementor-widget-container\">\n\t\t\t\t\t\t\t\t\t\t\t\t\t\t\t\t<a href=\"https:\/\/cepi.es\/hibra-bioclimatica-orientable\/\">\n\t\t\t\t\t\t\t<img loading=\"lazy\" decoding=\"async\" width=\"1600\" height=\"1200\" src=\"https:\/\/cepi.es\/wp-content\/uploads\/2022\/08\/HO-min.jpg\" class=\"attachment-full size-full wp-image-5346\" alt=\"\" srcset=\"https:\/\/cepi.es\/wp-content\/uploads\/2022\/08\/HO-min.jpg 1600w, https:\/\/cepi.es\/wp-content\/uploads\/2022\/08\/HO-min-300x225.jpg 300w, https:\/\/cepi.es\/wp-content\/uploads\/2022\/08\/HO-min-1024x768.jpg 1024w, https:\/\/cepi.es\/wp-content\/uploads\/2022\/08\/HO-min-768x576.jpg 768w, https:\/\/cepi.es\/wp-content\/uploads\/2022\/08\/HO-min-1536x1152.jpg 1536w\" sizes=\"(max-width: 1600px) 100vw, 1600px\">\t\t\t\t\t\t\t\t<\/a>\n\t\t\t\t\t\t\t\t\t\t\t\t\t\t\t<\/div>\n\t\t\t\t<\/div>\n\t\t\t\t<div class=\"elementor-element elementor-element-7fabb5b elementor-widget elementor-widget-html\" data-id=\"7fabb5b\" data-element_type=\"widget\" data-e-type=\"widget\" data-widget_type=\"html.default\">\n\t\t\t\t<div class=\"elementor-widget-container\">\n\t\t\t\t\t<div class=\"abs_\">\n    <img decoding=\"async\" src=\"https:\/\/cepi.es\/wp-content\/uploads\/2022\/05\/Frame11.png\" alt=\"\">\n    <span>BIOCLIM\u00c1TICO ORIENT\u00c1VEL<\/span>\n<\/div>\t\t\t\t<\/div>\n\t\t\t\t<\/div>\n\t\t\t\t\t<\/div>\n\t\t<\/div>\n\t\t\t\t<div class=\"elementor-column elementor-col-50 elementor-top-column elementor-element elementor-element-16a74e7\" data-id=\"16a74e7\" data-element_type=\"column\" data-e-type=\"column\">\n\t\t\t<div class=\"elementor-widget-wrap elementor-element-populated\">\n\t\t\t\t\t\t<div class=\"elementor-element elementor-element-23e5bb6 elementor-widget elementor-widget-image\" data-id=\"23e5bb6\" data-element_type=\"widget\" data-e-type=\"widget\" data-widget_type=\"image.default\">\n\t\t\t\t<div class=\"elementor-widget-container\">\n\t\t\t\t\t\t\t\t\t\t\t\t\t\t\t\t<a href=\"https:\/\/cepi.es\/solario\/\">\n\t\t\t\t\t\t\t<img loading=\"lazy\" decoding=\"async\" width=\"1600\" height=\"1200\" src=\"https:\/\/cepi.es\/wp-content\/uploads\/2022\/08\/SOLARIO-min.jpg\" class=\"attachment-full size-full wp-image-5348\" alt=\"\" srcset=\"https:\/\/cepi.es\/wp-content\/uploads\/2022\/08\/SOLARIO-min.jpg 1600w, https:\/\/cepi.es\/wp-content\/uploads\/2022\/08\/SOLARIO-min-300x225.jpg 300w, https:\/\/cepi.es\/wp-content\/uploads\/2022\/08\/SOLARIO-min-1024x768.jpg 1024w, https:\/\/cepi.es\/wp-content\/uploads\/2022\/08\/SOLARIO-min-768x576.jpg 768w, https:\/\/cepi.es\/wp-content\/uploads\/2022\/08\/SOLARIO-min-1536x1152.jpg 1536w\" sizes=\"(max-width: 1600px) 100vw, 1600px\">\t\t\t\t\t\t\t\t<\/a>\n\t\t\t\t\t\t\t\t\t\t\t\t\t\t\t<\/div>\n\t\t\t\t<\/div>\n\t\t\t\t<div class=\"elementor-element elementor-element-4bbefcf elementor-widget elementor-widget-html\" data-id=\"4bbefcf\" data-element_type=\"widget\" data-e-type=\"widget\" data-widget_type=\"html.default\">\n\t\t\t\t<div class=\"elementor-widget-container\">\n\t\t\t\t\t<a href=\"https:\/\/cepi.es\/solario\/\">\n<div class=\"abs_\">\n    <img decoding=\"async\" src=\"https:\/\/cepi.es\/wp-content\/uploads\/2022\/06\/Frame25.png\" alt=\"\">\n    <span>SOLARIO<\/span>\n<\/div>\n<\/a>\t\t\t\t<\/div>\n\t\t\t\t<\/div>\n\t\t\t\t\t<\/div>\n\t\t<\/div>\n\t\t\t\t\t<\/div>\n\t\t<\/section>\n\t\t\t\t<section class=\"elementor-section elementor-top-section elementor-element elementor-element-5e220924 elementor-section-content-middle elementor-section-boxed elementor-section-height-default elementor-section-height-default\" data-id=\"5e220924\" data-element_type=\"section\" data-e-type=\"section\">\n\t\t\t\t\t\t<div class=\"elementor-container elementor-column-gap-default\">\n\t\t\t\t\t<div class=\"elementor-column elementor-col-50 elementor-top-column elementor-element elementor-element-60beb797 elementor-invisible\" data-id=\"60beb797\" data-element_type=\"column\" data-e-type=\"column\" data-settings=\"{&quot;animation&quot;:&quot;fadeInRight&quot;}\">\n\t\t\t<div class=\"elementor-widget-wrap elementor-element-populated\">\n\t\t\t\t\t\t<div class=\"elementor-element elementor-element-42463cd2 elementor-widget elementor-widget-text-editor\" data-id=\"42463cd2\" data-element_type=\"widget\" data-e-type=\"widget\" data-widget_type=\"text-editor.default\">\n\t\t\t\t<div class=\"elementor-widget-container\">\n\t\t\t\t\t\t\t\t\t<div class=\"elementor-element elementor-element-c486379 elementor-widget elementor-widget-text-editor\" data-id=\"c486379\" data-element_type=\"widget\" data-widget_type=\"text-editor.default\">\n<div class=\"elementor-widget-container\">\n<p>Confia<\/p>\n<\/div>\n<\/div>\n\t\t\t\t\t\t\t\t<\/div>\n\t\t\t\t<\/div>\n\t\t\t\t<div class=\"elementor-element elementor-element-5723da89 elementor-widget elementor-widget-text-editor\" data-id=\"5723da89\" data-element_type=\"widget\" data-e-type=\"widget\" data-widget_type=\"text-editor.default\">\n\t\t\t\t<div class=\"elementor-widget-container\">\n\t\t\t\t\t\t\t\t\t<p>Somos uma empresa com <strong>mais de 40 anos de experi\u00eancia<\/strong> no sector, especialistas em sistemas e solu\u00e7\u00f5es \u00fanicas em alum\u00ednio e vidro, adaptando-se \u00e0s exig\u00eancias actuais.<\/p>\n<\/p>\n<p>Todos os produtos utilizados no fabrico dos nossos sistemas s\u00e3o submetidos a <strong>todos os controlos de qualidade<\/strong>, cumprindo as normas aplic\u00e1veis em cada caso e local. Oferecemos um amplo apoio aos nossos distribuidores com <strong>assist\u00eancia t\u00e9cnico-comercial e forma\u00e7\u00e3o<\/strong> na aplica\u00e7\u00e3o dos nossos sistemas, uma vasta rede comercial em Espanha e Portugal.<\/p>\n\t\t\t\t\t\t\t\t<\/div>\n\t\t\t\t<\/div>\n\t\t\t\t\t<\/div>\n\t\t<\/div>\n\t\t\t\t<div class=\"elementor-column elementor-col-50 elementor-top-column elementor-element elementor-element-378880d7\" data-id=\"378880d7\" data-element_type=\"column\" data-e-type=\"column\">\n\t\t\t<div class=\"elementor-widget-wrap elementor-element-populated\">\n\t\t\t\t\t\t<div class=\"elementor-element elementor-element-4142fcb elementor-widget elementor-widget-image\" data-id=\"4142fcb\" data-element_type=\"widget\" data-e-type=\"widget\" data-widget_type=\"image.default\">\n\t\t\t\t<div class=\"elementor-widget-container\">\n\t\t\t\t\t\t\t\t\t\t\t\t\t\t\t<img loading=\"lazy\" decoding=\"async\" width=\"1366\" height=\"1024\" src=\"https:\/\/cepi.es\/wp-content\/uploads\/2022\/07\/CONFIANZA-CEPI-min.jpg\" class=\"attachment-full size-full wp-image-5215\" alt=\"\" srcset=\"https:\/\/cepi.es\/wp-content\/uploads\/2022\/07\/CONFIANZA-CEPI-min.jpg 1366w, https:\/\/cepi.es\/wp-content\/uploads\/2022\/07\/CONFIANZA-CEPI-min-300x225.jpg 300w, https:\/\/cepi.es\/wp-content\/uploads\/2022\/07\/CONFIANZA-CEPI-min-1024x768.jpg 1024w, https:\/\/cepi.es\/wp-content\/uploads\/2022\/07\/CONFIANZA-CEPI-min-768x576.jpg 768w\" sizes=\"(max-width: 1366px) 100vw, 1366px\">\t\t\t\t\t\t\t\t\t\t\t\t\t\t\t<\/div>\n\t\t\t\t<\/div>\n\t\t\t\t\t<\/div>\n\t\t<\/div>\n\t\t\t\t\t<\/div>\n\t\t<\/section>\n\t\t\t\t<section class=\"elementor-section elementor-top-section elementor-element elementor-element-e5d0569 elementor-section-boxed elementor-section-height-default elementor-section-height-default\" data-id=\"e5d0569\" data-element_type=\"section\" data-e-type=\"section\" data-settings=\"{&quot;background_background&quot;:&quot;classic&quot;}\">\n\t\t\t\t\t\t<div class=\"elementor-container elementor-column-gap-default\">\n\t\t\t\t\t<div class=\"elementor-column elementor-col-100 elementor-top-column elementor-element elementor-element-b37dc3a\" data-id=\"b37dc3a\" data-element_type=\"column\" data-e-type=\"column\">\n\t\t\t<div class=\"elementor-widget-wrap elementor-element-populated\">\n\t\t\t\t\t\t<div class=\"elementor-element elementor-element-0496f29 elementor-widget elementor-widget-text-editor\" data-id=\"0496f29\" data-element_type=\"widget\" data-e-type=\"widget\" data-widget_type=\"text-editor.default\">\n\t\t\t\t<div class=\"elementor-widget-container\">\n\t\t\t\t\t\t\t\t\t<p>Encontra a melhor solu\u00e7\u00e3o.<\/p>\n<p>Contacta-nos agora.<\/p>\n\t\t\t\t\t\t\t\t<\/div>\n\t\t\t\t<\/div>\n\t\t\t\t\t<\/div>\n\t\t<\/div>\n\t\t\t\t\t<\/div>\n\t\t<\/section>\n\t\t\t\t<section class=\"elementor-section elementor-top-section elementor-element elementor-element-e1c3b0f mw_ elementor-section-boxed elementor-section-height-default elementor-section-height-default\" data-id=\"e1c3b0f\" data-element_type=\"section\" data-e-type=\"section\">\n\t\t\t\t\t\t<div class=\"elementor-container elementor-column-gap-default\">\n\t\t\t\t\t<div class=\"elementor-column elementor-col-100 elementor-top-column elementor-element elementor-element-768c852\" data-id=\"768c852\" data-element_type=\"column\" data-e-type=\"column\">\n\t\t\t<div class=\"elementor-widget-wrap elementor-element-populated\">\n\t\t\t\t\t\t<section class=\"elementor-section elementor-inner-section elementor-element elementor-element-02b909c elementor-section-boxed elementor-section-height-default elementor-section-height-default elementor-invisible\" data-id=\"02b909c\" data-element_type=\"section\" data-e-type=\"section\" data-settings=\"{&quot;background_background&quot;:&quot;classic&quot;,&quot;animation&quot;:&quot;fadeIn&quot;}\">\n\t\t\t\t\t\t<div class=\"elementor-container elementor-column-gap-default\">\n\t\t\t\t\t<div class=\"elementor-column elementor-col-100 elementor-inner-column elementor-element elementor-element-1df43dc\" data-id=\"1df43dc\" data-element_type=\"column\" data-e-type=\"column\">\n\t\t\t<div class=\"elementor-widget-wrap elementor-element-populated\">\n\t\t\t\t\t\t<div class=\"elementor-element elementor-element-1ea465b elementor-widget elementor-widget-shortcode\" data-id=\"1ea465b\" data-element_type=\"widget\" data-e-type=\"widget\" data-widget_type=\"shortcode.default\">\n\t\t\t\t<div class=\"elementor-widget-container\">\n\t\t\t\t\t\t\t<div class=\"elementor-shortcode\">\n<div class=\"wpcf7 no-js\" id=\"wpcf7-f798-o1\" lang=\"es-VE\" dir=\"ltr\" data-wpcf7-id=\"798\">\n<div class=\"screen-reader-response\"><p role=\"status\" aria-live=\"polite\" aria-atomic=\"true\"><\/p> <ul><\/ul><\/div>\n<form action=\"\/pt-pt\/wp-json\/wp\/v2\/pages\/5517#wpcf7-f798-o1\" method=\"post\" class=\"wpcf7-form init\" aria-label=\"Formulario de contacto\" novalidate=\"novalidate\" data-status=\"init\">\n<fieldset class=\"hidden-fields-container\"><input type=\"hidden\" name=\"_wpcf7\" value=\"798\" \/><input type=\"hidden\" name=\"_wpcf7_version\" value=\"6.1.5\" \/><input type=\"hidden\" name=\"_wpcf7_locale\" value=\"es_VE\" \/><input type=\"hidden\" name=\"_wpcf7_unit_tag\" value=\"wpcf7-f798-o1\" \/><input type=\"hidden\" name=\"_wpcf7_container_post\" value=\"0\" \/><input type=\"hidden\" name=\"_wpcf7_posted_data_hash\" value=\"\" \/>\n<\/fieldset>\n<div class=\"flex_\"><label> Nombre <span class=\"wpcf7-form-control-wrap\" data-name=\"your-contacto\"><input size=\"40\" maxlength=\"400\" class=\"wpcf7-form-control wpcf7-text wpcf7-validates-as-required\" aria-required=\"true\" aria-invalid=\"false\" value=\"\" type=\"text\" name=\"your-contacto\" \/><\/span><\/label><label> Tel\u00e9fono <span class=\"wpcf7-form-control-wrap\" data-name=\"your-phone\"><input size=\"40\" maxlength=\"10\" class=\"wpcf7-form-control wpcf7-tel wpcf7-validates-as-required wpcf7-text wpcf7-validates-as-tel\" aria-required=\"true\" aria-invalid=\"false\" value=\"\" type=\"tel\" name=\"your-phone\" \/><\/span> <\/label><\/div>\n<div class=\"flex_\"><label> Correo Electr\u00f3nico <span class=\"wpcf7-form-control-wrap\" data-name=\"your-email\"><input size=\"40\" maxlength=\"400\" class=\"wpcf7-form-control wpcf7-email wpcf7-validates-as-required wpcf7-text wpcf7-validates-as-email\" aria-required=\"true\" aria-invalid=\"false\" value=\"\" type=\"email\" name=\"your-email\" \/><\/span> <\/label><label> Localidad <span class=\"wpcf7-form-control-wrap\" data-name=\"your-direccion\"><input size=\"40\" maxlength=\"400\" class=\"wpcf7-form-control wpcf7-text wpcf7-validates-as-required\" aria-required=\"true\" aria-invalid=\"false\" value=\"\" type=\"text\" name=\"your-direccion\" \/><\/span><\/label><\/div>\n<div class=\"flex_\"><label> Provincia <span class=\"wpcf7-form-control-wrap\" data-name=\"your-provincia\"><input size=\"40\" maxlength=\"400\" class=\"wpcf7-form-control wpcf7-text wpcf7-validates-as-required\" aria-required=\"true\" aria-invalid=\"false\" value=\"\" type=\"text\" name=\"your-provincia\" \/><\/span> <\/label><label> C\u00f3digo Postal <span class=\"wpcf7-form-control-wrap\" data-name=\"your-codigo\"><input size=\"40\" maxlength=\"400\" class=\"wpcf7-form-control wpcf7-text wpcf7-validates-as-required\" aria-required=\"true\" aria-invalid=\"false\" value=\"\" type=\"text\" name=\"your-codigo\" \/><\/span> <\/label><\/div>\n<label> Seleccione <span class=\"wpcf7-form-control-wrap\" data-name=\"menu-323\"><select class=\"wpcf7-form-control wpcf7-select wpcf7-validates-as-required\" aria-required=\"true\" aria-invalid=\"false\" name=\"menu-323\"><option value=\"\">&#8212;Por favor, elige una opci\u00f3n&#8212;<\/option><option value=\"Profesional\">Profesional<\/option><option value=\"Prescriptor\">Prescriptor<\/option><option value=\"Part\u00edcular\">Part\u00edcular<\/option><\/select><\/span> <\/label>\n<label> Solicitud* <span class=\"wpcf7-form-control-wrap\" data-name=\"your-message\"><textarea cols=\"40\" rows=\"10\" maxlength=\"2000\" class=\"wpcf7-form-control wpcf7-textarea\" aria-invalid=\"false\" placeholder=\"Descr\u00edbenos brevemente tu proyecto\" name=\"your-message\"><\/textarea><\/span> <\/label>\n<span class=\"wpcf7-form-control-wrap\" data-name=\"acceptance-773\"><span class=\"wpcf7-form-control wpcf7-acceptance\"><span class=\"wpcf7-list-item\"><label><input type=\"checkbox\" name=\"acceptance-773\" value=\"1\" aria-invalid=\"false\" \/><span class=\"wpcf7-list-item-label\">Acepto la <a target=\"_blank\" href=\"https:\/\/cepi.es\/politica-privacidad\/\">pol\u00edtica de privacidad<\/a><\/span><\/label><\/span><\/span><\/span> <input class=\"wpcf7-form-control wpcf7-submit has-spinner\" type=\"submit\" value=\"SOLICITAR INFORMACI\u00d3N\" \/><div class=\"wpcf7-response-output\" aria-hidden=\"true\"><\/div>\n<\/form>\n<\/div>\n<\/div>\n\t\t\t\t\t\t<\/div>\n\t\t\t\t<\/div>\n\t\t\t\t\t<\/div>\n\t\t<\/div>\n\t\t\t\t\t<\/div>\n\t\t<\/section>\n\t\t\t\t\t<\/div>\n\t\t<\/div>\n\t\t\t\t\t<\/div>\n\t\t<\/section>\n\t\t\t\t<\/div>\n\t\t","protected":false},"excerpt":{"rendered":"<p>PERGOLAS Fabricante de p\u00e9rgulas Os nossos sistemas de p\u00e9rgolas incluem as p\u00e9rgolas HIBRA como p\u00e9rgolas bioclim\u00e1ticas de l\u00e2minas e a p\u00e9rgola SOLARIO, uma p\u00e9rgola de pain\u00e9is ou de vidro. S\u00e3o estruturas de alum\u00ednio concebidas \u00e0 medida, personaliz\u00e1veis e adapt\u00e1veis a qualquer ambiente, oferecendo prote\u00e7\u00e3o contra a radia\u00e7\u00e3o solar, a chuva e o vento. Podes desfrutar &#8230; <a title=\"P\u00e9rgolas\" class=\"read-more\" href=\"https:\/\/cepi.es\/pt-pt\/categoria-pergolas\/\" aria-label=\"Leia mais sobre P\u00e9rgolas\">Ler mais<\/a><\/p>\n","protected":false},"author":1,"featured_media":0,"parent":0,"menu_order":0,"comment_status":"closed","ping_status":"closed","template":"","meta":{"footnotes":""},"class_list":["post-5517","page","type-page","status-publish"],"_links":{"self":[{"href":"https:\/\/cepi.es\/pt-pt\/wp-json\/wp\/v2\/pages\/5517","targetHints":{"allow":["GET"]}}],"collection":[{"href":"https:\/\/cepi.es\/pt-pt\/wp-json\/wp\/v2\/pages"}],"about":[{"href":"https:\/\/cepi.es\/pt-pt\/wp-json\/wp\/v2\/types\/page"}],"author":[{"embeddable":true,"href":"https:\/\/cepi.es\/pt-pt\/wp-json\/wp\/v2\/users\/1"}],"replies":[{"embeddable":true,"href":"https:\/\/cepi.es\/pt-pt\/wp-json\/wp\/v2\/comments?post=5517"}],"version-history":[{"count":4,"href":"https:\/\/cepi.es\/pt-pt\/wp-json\/wp\/v2\/pages\/5517\/revisions"}],"predecessor-version":[{"id":5603,"href":"https:\/\/cepi.es\/pt-pt\/wp-json\/wp\/v2\/pages\/5517\/revisions\/5603"}],"wp:attachment":[{"href":"https:\/\/cepi.es\/pt-pt\/wp-json\/wp\/v2\/media?parent=5517"}],"curies":[{"name":"wp","href":"https:\/\/api.w.org\/{rel}","templated":true}]}}