{"id":5521,"date":"2022-06-09T10:51:52","date_gmt":"2022-06-09T14:51:52","guid":{"rendered":"https:\/\/cepi.es\/categoria-veus\/"},"modified":"2025-10-02T09:58:27","modified_gmt":"2025-10-02T13:58:27","slug":"categoria-veus","status":"publish","type":"page","link":"https:\/\/cepi.es\/pt-pt\/categoria-veus\/","title":{"rendered":"V\u00e9us"},"content":{"rendered":"\t\t<div data-elementor-type=\"wp-post\" data-elementor-id=\"5521\" class=\"elementor elementor-5521 elementor-1398\" data-elementor-post-type=\"page\">\n\t\t\t\t\t\t<section class=\"elementor-section elementor-top-section elementor-element elementor-element-2571c65a absd sect_2   elementor-section-full_width elementor-section-height-default elementor-section-height-default\" data-id=\"2571c65a\" data-element_type=\"section\" data-e-type=\"section\" data-settings=\"{&quot;animation&quot;:&quot;none&quot;}\">\n\t\t\t\t\t\t<div class=\"elementor-container elementor-column-gap-default\">\n\t\t\t\t\t<div class=\"elementor-column elementor-col-100 elementor-top-column elementor-element elementor-element-72d6907a\" data-id=\"72d6907a\" data-element_type=\"column\" data-e-type=\"column\">\n\t\t\t<div class=\"elementor-widget-wrap elementor-element-populated\">\n\t\t\t\t\t\t<div class=\"elementor-element elementor-element-1e442fad elementor-widget elementor-widget-image\" data-id=\"1e442fad\" data-element_type=\"widget\" data-e-type=\"widget\" data-widget_type=\"image.default\">\n\t\t\t\t<div class=\"elementor-widget-container\">\n\t\t\t\t\t\t\t\t\t\t\t\t\t\t\t<img fetchpriority=\"high\" decoding=\"async\" width=\"1600\" height=\"362\" src=\"https:\/\/cepi.es\/wp-content\/uploads\/2022\/07\/CABECERA-TECHOS.jpg\" class=\"attachment-full size-full wp-image-5227\" alt=\"\" srcset=\"https:\/\/cepi.es\/wp-content\/uploads\/2022\/07\/CABECERA-TECHOS.jpg 1600w, https:\/\/cepi.es\/wp-content\/uploads\/2022\/07\/CABECERA-TECHOS-300x68.jpg 300w, https:\/\/cepi.es\/wp-content\/uploads\/2022\/07\/CABECERA-TECHOS-1024x232.jpg 1024w, https:\/\/cepi.es\/wp-content\/uploads\/2022\/07\/CABECERA-TECHOS-768x174.jpg 768w, https:\/\/cepi.es\/wp-content\/uploads\/2022\/07\/CABECERA-TECHOS-1536x348.jpg 1536w\" sizes=\"(max-width: 1600px) 100vw, 1600px\">\t\t\t\t\t\t\t\t\t\t\t\t\t\t\t<\/div>\n\t\t\t\t<\/div>\n\t\t\t\t<div class=\"elementor-element elementor-element-21cd0166 elementor-widget elementor-widget-html\" data-id=\"21cd0166\" data-element_type=\"widget\" data-e-type=\"widget\" data-widget_type=\"html.default\">\n\t\t\t\t<div class=\"elementor-widget-container\">\n\t\t\t\t\t<div class=\"elementor-section elementor-section-boxed\">\n<div style=\"padding-left: 10px; padding-right: 10px;\" class=\"elementor-container\">\n<div class=\"abs_ alt per\" style=\"bottom: 0px; left: 0; right: 0; margin: 0 auto;\">\n\n    <img decoding=\"async\" src=\"https:\/\/cepi.es\/wp-content\/uploads\/2022\/06\/Frame20.png\" alt=\"\">\n    <span>VELOS<\/span>\n<\/div>\n<\/div>\n<\/div>\t\t\t\t<\/div>\n\t\t\t\t<\/div>\n\t\t\t\t<div class=\"elementor-element elementor-element-1674b94f elementor-widget elementor-widget-heading\" data-id=\"1674b94f\" data-element_type=\"widget\" data-e-type=\"widget\" data-widget_type=\"heading.default\">\n\t\t\t\t<div class=\"elementor-widget-container\">\n\t\t\t\t\t<h1 class=\"elementor-heading-title elementor-size-default\">Fabricante de tectos<\/h1>\t\t\t\t<\/div>\n\t\t\t\t<\/div>\n\t\t\t\t<div class=\"elementor-element elementor-element-74884b89 mw_3 elementor-widget elementor-widget-text-editor\" data-id=\"74884b89\" data-element_type=\"widget\" data-e-type=\"widget\" data-widget_type=\"text-editor.default\">\n\t\t\t\t<div class=\"elementor-widget-container\">\n\t\t\t\t\t\t\t\t\t<p>As nossas coberturas VELOS s\u00e3o sistemas de cobertura <b>leves e resistentes<\/b>, fixos e m\u00f3veis. Ideal para <b>proteger,<\/b> ampliar e aproveitar ao m\u00e1ximo o espa\u00e7o.<\/p>\t\t\t\t\t\t\t\t<\/div>\n\t\t\t\t<\/div>\n\t\t\t\t<div class=\"elementor-element elementor-element-8e9a922 elementor-align-center elementor-widget elementor-widget-button\" data-id=\"8e9a922\" data-element_type=\"widget\" data-e-type=\"widget\" data-widget_type=\"button.default\">\n\t\t\t\t<div class=\"elementor-widget-container\">\n\t\t\t\t\t\t\t\t\t<div class=\"elementor-button-wrapper\">\n\t\t\t\t\t<a class=\"elementor-button elementor-button-link elementor-size-sm\" href=\"https:\/\/cepi.es\/wp-content\/uploads\/2022\/10\/nuevo-mando-cepi-pergolas-techos.pdf\" target=\"_blank\">\n\t\t\t\t\t\t<span class=\"elementor-button-content-wrapper\">\n\t\t\t\t\t\t\t\t\t<span class=\"elementor-button-text\">Novo comando LICE<\/span>\n\t\t\t\t\t<\/span>\n\t\t\t\t\t<\/a>\n\t\t\t\t<\/div>\n\t\t\t\t\t\t\t\t<\/div>\n\t\t\t\t<\/div>\n\t\t\t\t\t<\/div>\n\t\t<\/div>\n\t\t\t\t\t<\/div>\n\t\t<\/section>\n\t\t\t\t<section class=\"elementor-section elementor-top-section elementor-element elementor-element-f25dd28 absd sect_2  velos elementor-section-boxed elementor-section-height-default elementor-section-height-default elementor-invisible\" data-id=\"f25dd28\" data-element_type=\"section\" data-e-type=\"section\" data-settings=\"{&quot;animation&quot;:&quot;fadeInLeft&quot;}\">\n\t\t\t\t\t\t<div class=\"elementor-container elementor-column-gap-default\">\n\t\t\t\t\t<div class=\"elementor-column elementor-col-50 elementor-top-column elementor-element elementor-element-7b8b674\" data-id=\"7b8b674\" data-element_type=\"column\" data-e-type=\"column\">\n\t\t\t<div class=\"elementor-widget-wrap elementor-element-populated\">\n\t\t\t\t\t\t<div class=\"elementor-element elementor-element-496aba6 elementor-widget elementor-widget-image\" data-id=\"496aba6\" data-element_type=\"widget\" data-e-type=\"widget\" data-widget_type=\"image.default\">\n\t\t\t\t<div class=\"elementor-widget-container\">\n\t\t\t\t\t\t\t\t\t\t\t\t\t\t\t\t<a href=\"https:\/\/cepi.es\/pt-pt\/veus-de-telhado-fixos\/\">\n\t\t\t\t\t\t\t<img decoding=\"async\" width=\"1240\" height=\"600\" src=\"https:\/\/cepi.es\/wp-content\/uploads\/2022\/06\/IMAGE21-min.jpg\" class=\"attachment-full size-full wp-image-4986\" alt=\"\" srcset=\"https:\/\/cepi.es\/wp-content\/uploads\/2022\/06\/IMAGE21-min.jpg 1240w, https:\/\/cepi.es\/wp-content\/uploads\/2022\/06\/IMAGE21-min-300x145.jpg 300w, https:\/\/cepi.es\/wp-content\/uploads\/2022\/06\/IMAGE21-min-1024x495.jpg 1024w, https:\/\/cepi.es\/wp-content\/uploads\/2022\/06\/IMAGE21-min-768x372.jpg 768w\" sizes=\"(max-width: 1240px) 100vw, 1240px\">\t\t\t\t\t\t\t\t<\/a>\n\t\t\t\t\t\t\t\t\t\t\t\t\t\t\t<\/div>\n\t\t\t\t<\/div>\n\t\t\t\t<div class=\"elementor-element elementor-element-7b33946 elementor-widget elementor-widget-html\" data-id=\"7b33946\" data-element_type=\"widget\" data-e-type=\"widget\" data-widget_type=\"html.default\">\n\t\t\t\t<div class=\"elementor-widget-container\">\n\t\t\t\t\t<a href=\"https:\/\/cepi.es\/velos-techos-fijos\/\">\n<div class=\"abs_\">\n    <img decoding=\"async\" src=\"https:\/\/cepi.es\/wp-content\/uploads\/2022\/06\/Frame19.png\" alt=\"\">\n    <span>V\u00c9US DE TELHADO FIXOS<\/span>\n<\/div>\n<\/a>\t\t\t\t<\/div>\n\t\t\t\t<\/div>\n\t\t\t\t\t<\/div>\n\t\t<\/div>\n\t\t\t\t<div class=\"elementor-column elementor-col-50 elementor-top-column elementor-element elementor-element-eec9166\" data-id=\"eec9166\" data-element_type=\"column\" data-e-type=\"column\">\n\t\t\t<div class=\"elementor-widget-wrap elementor-element-populated\">\n\t\t\t\t\t\t<div class=\"elementor-element elementor-element-64979f2 elementor-widget elementor-widget-image\" data-id=\"64979f2\" data-element_type=\"widget\" data-e-type=\"widget\" data-widget_type=\"image.default\">\n\t\t\t\t<div class=\"elementor-widget-container\">\n\t\t\t\t\t\t\t\t\t\t\t\t\t\t\t\t<a href=\"https:\/\/cepi.es\/pt-pt\/veus-de-telhado-moveis\/\">\n\t\t\t\t\t\t\t<img decoding=\"async\" width=\"1240\" height=\"600\" src=\"https:\/\/cepi.es\/wp-content\/uploads\/2022\/06\/IMAGE22-min.jpg\" class=\"attachment-full size-full wp-image-4985\" alt=\"\" srcset=\"https:\/\/cepi.es\/wp-content\/uploads\/2022\/06\/IMAGE22-min.jpg 1240w, https:\/\/cepi.es\/wp-content\/uploads\/2022\/06\/IMAGE22-min-300x145.jpg 300w, https:\/\/cepi.es\/wp-content\/uploads\/2022\/06\/IMAGE22-min-1024x495.jpg 1024w, https:\/\/cepi.es\/wp-content\/uploads\/2022\/06\/IMAGE22-min-768x372.jpg 768w\" sizes=\"(max-width: 1240px) 100vw, 1240px\">\t\t\t\t\t\t\t\t<\/a>\n\t\t\t\t\t\t\t\t\t\t\t\t\t\t\t<\/div>\n\t\t\t\t<\/div>\n\t\t\t\t<div class=\"elementor-element elementor-element-8d96369 elementor-widget elementor-widget-html\" data-id=\"8d96369\" data-element_type=\"widget\" data-e-type=\"widget\" data-widget_type=\"html.default\">\n\t\t\t\t<div class=\"elementor-widget-container\">\n\t\t\t\t\t<a href=\"https:\/\/cepi.es\/techos-moviles\/\">\n<div class=\"abs_\">\n    <img decoding=\"async\" src=\"https:\/\/cepi.es\/wp-content\/uploads\/2022\/06\/Frame19.png\" alt=\"\">\n    <span>V\u00c9US DE TELHADO M\u00d3VEIS<\/span>\n<\/div>\n<\/a>\t\t\t\t<\/div>\n\t\t\t\t<\/div>\n\t\t\t\t\t<\/div>\n\t\t<\/div>\n\t\t\t\t\t<\/div>\n\t\t<\/section>\n\t\t\t\t<section class=\"elementor-section elementor-top-section elementor-element elementor-element-8171f74 elementor-section-content-middle elementor-section-boxed elementor-section-height-default elementor-section-height-default\" data-id=\"8171f74\" data-element_type=\"section\" data-e-type=\"section\">\n\t\t\t\t\t\t<div class=\"elementor-container elementor-column-gap-default\">\n\t\t\t\t\t<div class=\"elementor-column elementor-col-50 elementor-top-column elementor-element elementor-element-dd92478 elementor-invisible\" data-id=\"dd92478\" data-element_type=\"column\" data-e-type=\"column\" data-settings=\"{&quot;animation&quot;:&quot;fadeInRight&quot;}\">\n\t\t\t<div class=\"elementor-widget-wrap elementor-element-populated\">\n\t\t\t\t\t\t<div class=\"elementor-element elementor-element-c486379 elementor-widget elementor-widget-text-editor\" data-id=\"c486379\" data-element_type=\"widget\" data-e-type=\"widget\" data-widget_type=\"text-editor.default\">\n\t\t\t\t<div class=\"elementor-widget-container\">\n\t\t\t\t\t\t\t\t\t<div class=\"elementor-element elementor-element-c486379 elementor-widget elementor-widget-text-editor\" data-id=\"c486379\" data-element_type=\"widget\" data-widget_type=\"text-editor.default\">\n<div class=\"elementor-widget-container\">\n<p>Confia<\/p>\n<\/div>\n<\/div>\n\t\t\t\t\t\t\t\t<\/div>\n\t\t\t\t<\/div>\n\t\t\t\t<div class=\"elementor-element elementor-element-08b6728 elementor-widget elementor-widget-text-editor\" data-id=\"08b6728\" data-element_type=\"widget\" data-e-type=\"widget\" data-widget_type=\"text-editor.default\">\n\t\t\t\t<div class=\"elementor-widget-container\">\n\t\t\t\t\t\t\t\t\t<p>Somos uma empresa com <strong>mais de 40 anos de experi\u00eancia<\/strong> no sector, especialistas em sistemas e solu\u00e7\u00f5es \u00fanicas em alum\u00ednio e vidro, adaptando-se \u00e0s exig\u00eancias actuais.<\/p>\n<\/p>\n<p>Todos os produtos utilizados no fabrico dos nossos sistemas s\u00e3o submetidos a <strong>todos os controlos de qualidade<\/strong>, cumprindo as normas aplic\u00e1veis em cada caso e local. Oferecemos um amplo apoio aos nossos distribuidores com <strong>assist\u00eancia t\u00e9cnico-comercial e forma\u00e7\u00e3o<\/strong> na aplica\u00e7\u00e3o dos nossos sistemas, uma vasta rede comercial em Espanha e Portugal.<\/p>\n\t\t\t\t\t\t\t\t<\/div>\n\t\t\t\t<\/div>\n\t\t\t\t\t<\/div>\n\t\t<\/div>\n\t\t\t\t<div class=\"elementor-column elementor-col-50 elementor-top-column elementor-element elementor-element-065be36\" data-id=\"065be36\" data-element_type=\"column\" data-e-type=\"column\">\n\t\t\t<div class=\"elementor-widget-wrap elementor-element-populated\">\n\t\t\t\t\t\t<div class=\"elementor-element elementor-element-2920241 elementor-widget elementor-widget-image\" data-id=\"2920241\" data-element_type=\"widget\" data-e-type=\"widget\" data-widget_type=\"image.default\">\n\t\t\t\t<div class=\"elementor-widget-container\">\n\t\t\t\t\t\t\t\t\t\t\t\t\t\t\t<img loading=\"lazy\" decoding=\"async\" width=\"1366\" height=\"1024\" src=\"https:\/\/cepi.es\/wp-content\/uploads\/2022\/07\/CONFIANZA-CEPI-min.jpg\" class=\"attachment-full size-full wp-image-5215\" alt=\"\" srcset=\"https:\/\/cepi.es\/wp-content\/uploads\/2022\/07\/CONFIANZA-CEPI-min.jpg 1366w, https:\/\/cepi.es\/wp-content\/uploads\/2022\/07\/CONFIANZA-CEPI-min-300x225.jpg 300w, https:\/\/cepi.es\/wp-content\/uploads\/2022\/07\/CONFIANZA-CEPI-min-1024x768.jpg 1024w, https:\/\/cepi.es\/wp-content\/uploads\/2022\/07\/CONFIANZA-CEPI-min-768x576.jpg 768w\" sizes=\"(max-width: 1366px) 100vw, 1366px\">\t\t\t\t\t\t\t\t\t\t\t\t\t\t\t<\/div>\n\t\t\t\t<\/div>\n\t\t\t\t\t<\/div>\n\t\t<\/div>\n\t\t\t\t\t<\/div>\n\t\t<\/section>\n\t\t\t\t<section class=\"elementor-section elementor-top-section elementor-element elementor-element-e5d0569 elementor-section-boxed elementor-section-height-default elementor-section-height-default\" data-id=\"e5d0569\" data-element_type=\"section\" data-e-type=\"section\" data-settings=\"{&quot;background_background&quot;:&quot;classic&quot;}\">\n\t\t\t\t\t\t<div class=\"elementor-container elementor-column-gap-default\">\n\t\t\t\t\t<div class=\"elementor-column elementor-col-100 elementor-top-column elementor-element elementor-element-b37dc3a\" data-id=\"b37dc3a\" data-element_type=\"column\" data-e-type=\"column\">\n\t\t\t<div class=\"elementor-widget-wrap elementor-element-populated\">\n\t\t\t\t\t\t<div class=\"elementor-element elementor-element-0496f29 elementor-widget elementor-widget-text-editor\" data-id=\"0496f29\" data-element_type=\"widget\" data-e-type=\"widget\" data-widget_type=\"text-editor.default\">\n\t\t\t\t<div class=\"elementor-widget-container\">\n\t\t\t\t\t\t\t\t\t<p>Encontra a melhor solu\u00e7\u00e3o.<\/p>\n<p>Contacta-nos agora.<\/p>\n\t\t\t\t\t\t\t\t<\/div>\n\t\t\t\t<\/div>\n\t\t\t\t\t<\/div>\n\t\t<\/div>\n\t\t\t\t\t<\/div>\n\t\t<\/section>\n\t\t\t\t<section class=\"elementor-section elementor-top-section elementor-element elementor-element-e1c3b0f mw_ elementor-section-boxed elementor-section-height-default elementor-section-height-default\" data-id=\"e1c3b0f\" data-element_type=\"section\" data-e-type=\"section\">\n\t\t\t\t\t\t<div class=\"elementor-container elementor-column-gap-default\">\n\t\t\t\t\t<div class=\"elementor-column elementor-col-100 elementor-top-column elementor-element elementor-element-768c852\" data-id=\"768c852\" data-element_type=\"column\" data-e-type=\"column\">\n\t\t\t<div class=\"elementor-widget-wrap elementor-element-populated\">\n\t\t\t\t\t\t<section class=\"elementor-section elementor-inner-section elementor-element elementor-element-02b909c elementor-section-boxed elementor-section-height-default elementor-section-height-default elementor-invisible\" data-id=\"02b909c\" data-element_type=\"section\" data-e-type=\"section\" data-settings=\"{&quot;background_background&quot;:&quot;classic&quot;,&quot;animation&quot;:&quot;fadeIn&quot;}\">\n\t\t\t\t\t\t<div class=\"elementor-container elementor-column-gap-default\">\n\t\t\t\t\t<div class=\"elementor-column elementor-col-100 elementor-inner-column elementor-element elementor-element-1df43dc\" data-id=\"1df43dc\" data-element_type=\"column\" data-e-type=\"column\">\n\t\t\t<div class=\"elementor-widget-wrap elementor-element-populated\">\n\t\t\t\t\t\t<div class=\"elementor-element elementor-element-1ea465b elementor-widget elementor-widget-shortcode\" data-id=\"1ea465b\" data-element_type=\"widget\" data-e-type=\"widget\" data-widget_type=\"shortcode.default\">\n\t\t\t\t<div class=\"elementor-widget-container\">\n\t\t\t\t\t\t\t<div class=\"elementor-shortcode\">\n<div class=\"wpcf7 no-js\" id=\"wpcf7-f798-o1\" lang=\"es-VE\" dir=\"ltr\" data-wpcf7-id=\"798\">\n<div class=\"screen-reader-response\"><p role=\"status\" aria-live=\"polite\" aria-atomic=\"true\"><\/p> <ul><\/ul><\/div>\n<form action=\"\/pt-pt\/wp-json\/wp\/v2\/pages\/5521#wpcf7-f798-o1\" method=\"post\" class=\"wpcf7-form init\" aria-label=\"Formulario de contacto\" novalidate=\"novalidate\" data-status=\"init\">\n<fieldset class=\"hidden-fields-container\"><input type=\"hidden\" name=\"_wpcf7\" value=\"798\" \/><input type=\"hidden\" name=\"_wpcf7_version\" value=\"6.1.5\" \/><input type=\"hidden\" name=\"_wpcf7_locale\" value=\"es_VE\" \/><input type=\"hidden\" name=\"_wpcf7_unit_tag\" value=\"wpcf7-f798-o1\" \/><input type=\"hidden\" name=\"_wpcf7_container_post\" value=\"0\" \/><input type=\"hidden\" name=\"_wpcf7_posted_data_hash\" value=\"\" \/>\n<\/fieldset>\n<div class=\"flex_\"><label> Nombre <span class=\"wpcf7-form-control-wrap\" data-name=\"your-contacto\"><input size=\"40\" maxlength=\"400\" class=\"wpcf7-form-control wpcf7-text wpcf7-validates-as-required\" aria-required=\"true\" aria-invalid=\"false\" value=\"\" type=\"text\" name=\"your-contacto\" \/><\/span><\/label><label> Tel\u00e9fono <span class=\"wpcf7-form-control-wrap\" data-name=\"your-phone\"><input size=\"40\" maxlength=\"10\" class=\"wpcf7-form-control wpcf7-tel wpcf7-validates-as-required wpcf7-text wpcf7-validates-as-tel\" aria-required=\"true\" aria-invalid=\"false\" value=\"\" type=\"tel\" name=\"your-phone\" \/><\/span> <\/label><\/div>\n<div class=\"flex_\"><label> Correo Electr\u00f3nico <span class=\"wpcf7-form-control-wrap\" data-name=\"your-email\"><input size=\"40\" maxlength=\"400\" class=\"wpcf7-form-control wpcf7-email wpcf7-validates-as-required wpcf7-text wpcf7-validates-as-email\" aria-required=\"true\" aria-invalid=\"false\" value=\"\" type=\"email\" name=\"your-email\" \/><\/span> <\/label><label> Localidad <span class=\"wpcf7-form-control-wrap\" data-name=\"your-direccion\"><input size=\"40\" maxlength=\"400\" class=\"wpcf7-form-control wpcf7-text wpcf7-validates-as-required\" aria-required=\"true\" aria-invalid=\"false\" value=\"\" type=\"text\" name=\"your-direccion\" \/><\/span><\/label><\/div>\n<div class=\"flex_\"><label> Provincia <span class=\"wpcf7-form-control-wrap\" data-name=\"your-provincia\"><input size=\"40\" maxlength=\"400\" class=\"wpcf7-form-control wpcf7-text wpcf7-validates-as-required\" aria-required=\"true\" aria-invalid=\"false\" value=\"\" type=\"text\" name=\"your-provincia\" \/><\/span> <\/label><label> C\u00f3digo Postal <span class=\"wpcf7-form-control-wrap\" data-name=\"your-codigo\"><input size=\"40\" maxlength=\"400\" class=\"wpcf7-form-control wpcf7-text wpcf7-validates-as-required\" aria-required=\"true\" aria-invalid=\"false\" value=\"\" type=\"text\" name=\"your-codigo\" \/><\/span> <\/label><\/div>\n<label> Seleccione <span class=\"wpcf7-form-control-wrap\" data-name=\"menu-323\"><select class=\"wpcf7-form-control wpcf7-select wpcf7-validates-as-required\" aria-required=\"true\" aria-invalid=\"false\" name=\"menu-323\"><option value=\"\">&#8212;Por favor, elige una opci\u00f3n&#8212;<\/option><option value=\"Profesional\">Profesional<\/option><option value=\"Prescriptor\">Prescriptor<\/option><option value=\"Part\u00edcular\">Part\u00edcular<\/option><\/select><\/span> <\/label>\n<label> Solicitud* <span class=\"wpcf7-form-control-wrap\" data-name=\"your-message\"><textarea cols=\"40\" rows=\"10\" maxlength=\"2000\" class=\"wpcf7-form-control wpcf7-textarea\" aria-invalid=\"false\" placeholder=\"Descr\u00edbenos brevemente tu proyecto\" name=\"your-message\"><\/textarea><\/span> <\/label>\n<span class=\"wpcf7-form-control-wrap\" data-name=\"acceptance-773\"><span class=\"wpcf7-form-control wpcf7-acceptance\"><span class=\"wpcf7-list-item\"><label><input type=\"checkbox\" name=\"acceptance-773\" value=\"1\" aria-invalid=\"false\" \/><span class=\"wpcf7-list-item-label\">Acepto la <a target=\"_blank\" href=\"https:\/\/cepi.es\/politica-privacidad\/\">pol\u00edtica de privacidad<\/a><\/span><\/label><\/span><\/span><\/span> <input class=\"wpcf7-form-control wpcf7-submit has-spinner\" type=\"submit\" value=\"SOLICITAR INFORMACI\u00d3N\" \/><div class=\"wpcf7-response-output\" aria-hidden=\"true\"><\/div>\n<\/form>\n<\/div>\n<\/div>\n\t\t\t\t\t\t<\/div>\n\t\t\t\t<\/div>\n\t\t\t\t\t<\/div>\n\t\t<\/div>\n\t\t\t\t\t<\/div>\n\t\t<\/section>\n\t\t\t\t\t<\/div>\n\t\t<\/div>\n\t\t\t\t\t<\/div>\n\t\t<\/section>\n\t\t\t\t<\/div>\n\t\t","protected":false},"excerpt":{"rendered":"<p>VELOS Fabricante de tectos As nossas coberturas VELOS s\u00e3o sistemas de cobertura leves e resistentes, fixos e m\u00f3veis. Ideal para proteger, ampliar e aproveitar ao m\u00e1ximo o espa\u00e7o. Novo comando LICE V\u00c9US DE TELHADO FIXOS V\u00c9US DE TELHADO M\u00d3VEIS Confia Somos uma empresa com mais de 40 anos de experi\u00eancia no sector, especialistas em sistemas &#8230; <a title=\"V\u00e9us\" class=\"read-more\" href=\"https:\/\/cepi.es\/pt-pt\/categoria-veus\/\" aria-label=\"Leia mais sobre V\u00e9us\">Ler mais<\/a><\/p>\n","protected":false},"author":1,"featured_media":0,"parent":0,"menu_order":0,"comment_status":"closed","ping_status":"closed","template":"","meta":{"footnotes":""},"class_list":["post-5521","page","type-page","status-publish"],"_links":{"self":[{"href":"https:\/\/cepi.es\/pt-pt\/wp-json\/wp\/v2\/pages\/5521","targetHints":{"allow":["GET"]}}],"collection":[{"href":"https:\/\/cepi.es\/pt-pt\/wp-json\/wp\/v2\/pages"}],"about":[{"href":"https:\/\/cepi.es\/pt-pt\/wp-json\/wp\/v2\/types\/page"}],"author":[{"embeddable":true,"href":"https:\/\/cepi.es\/pt-pt\/wp-json\/wp\/v2\/users\/1"}],"replies":[{"embeddable":true,"href":"https:\/\/cepi.es\/pt-pt\/wp-json\/wp\/v2\/comments?post=5521"}],"version-history":[{"count":7,"href":"https:\/\/cepi.es\/pt-pt\/wp-json\/wp\/v2\/pages\/5521\/revisions"}],"predecessor-version":[{"id":5789,"href":"https:\/\/cepi.es\/pt-pt\/wp-json\/wp\/v2\/pages\/5521\/revisions\/5789"}],"wp:attachment":[{"href":"https:\/\/cepi.es\/pt-pt\/wp-json\/wp\/v2\/media?parent=5521"}],"curies":[{"name":"wp","href":"https:\/\/api.w.org\/{rel}","templated":true}]}}