{"id":5539,"date":"2022-07-20T10:44:15","date_gmt":"2022-07-20T14:44:15","guid":{"rendered":"https:\/\/cepi.es\/distribuidores\/"},"modified":"2025-10-02T10:35:19","modified_gmt":"2025-10-02T14:35:19","slug":"distribuidores","status":"publish","type":"page","link":"https:\/\/cepi.es\/pt-pt\/distribuidores\/","title":{"rendered":"Distribuidores"},"content":{"rendered":"\t\t<div data-elementor-type=\"wp-post\" data-elementor-id=\"5539\" class=\"elementor elementor-5539 elementor-2409\" data-elementor-post-type=\"page\">\n\t\t\t\t\t\t<section class=\"elementor-section elementor-top-section elementor-element elementor-element-390a82d elementor-reverse-mobile elementor-section-full_width elementor-section-stretched elementor-section-height-default elementor-section-height-default\" data-id=\"390a82d\" data-element_type=\"section\" data-e-type=\"section\" data-settings=\"{&quot;background_background&quot;:&quot;classic&quot;,&quot;stretch_section&quot;:&quot;section-stretched&quot;}\">\n\t\t\t\t\t\t<div class=\"elementor-container elementor-column-gap-default\">\n\t\t\t\t\t<div class=\"elementor-column elementor-col-100 elementor-top-column elementor-element elementor-element-2fee675 elementor-invisible\" data-id=\"2fee675\" data-element_type=\"column\" data-e-type=\"column\" data-settings=\"{&quot;animation&quot;:&quot;fadeInLeft&quot;}\">\n\t\t\t<div class=\"elementor-widget-wrap\">\n\t\t\t\t\t\t\t<\/div>\n\t\t<\/div>\n\t\t\t\t\t<\/div>\n\t\t<\/section>\n\t\t\t\t<section class=\"elementor-section elementor-top-section elementor-element elementor-element-3d5e6dd elementor-section-boxed elementor-section-height-default elementor-section-height-default\" data-id=\"3d5e6dd\" data-element_type=\"section\" data-e-type=\"section\">\n\t\t\t\t\t\t<div class=\"elementor-container elementor-column-gap-default\">\n\t\t\t\t\t<div class=\"elementor-column elementor-col-100 elementor-top-column elementor-element elementor-element-bd43734\" data-id=\"bd43734\" data-element_type=\"column\" data-e-type=\"column\">\n\t\t\t<div class=\"elementor-widget-wrap elementor-element-populated\">\n\t\t\t\t\t\t<div class=\"elementor-element elementor-element-710c500 elementor-widget__width-auto elementor-widget elementor-widget-text-editor\" data-id=\"710c500\" data-element_type=\"widget\" data-e-type=\"widget\" data-widget_type=\"text-editor.default\">\n\t\t\t\t<div class=\"elementor-widget-container\">\n\t\t\t\t\t\t\t\t\t<p>DISTRIBUIDORES<\/p>\n\t\t\t\t\t\t\t\t<\/div>\n\t\t\t\t<\/div>\n\t\t\t\t\t<\/div>\n\t\t<\/div>\n\t\t\t\t\t<\/div>\n\t\t<\/section>\n\t\t\t\t<section class=\"elementor-section elementor-top-section elementor-element elementor-element-8171f74 elementor-section-content-top elementor-reverse-mobile elementor-section-boxed elementor-section-height-default elementor-section-height-default\" data-id=\"8171f74\" data-element_type=\"section\" data-e-type=\"section\">\n\t\t\t\t\t\t<div class=\"elementor-container elementor-column-gap-default\">\n\t\t\t\t\t<div class=\"elementor-column elementor-col-50 elementor-top-column elementor-element elementor-element-065be36\" data-id=\"065be36\" data-element_type=\"column\" data-e-type=\"column\">\n\t\t\t<div class=\"elementor-widget-wrap elementor-element-populated\">\n\t\t\t\t\t\t<div class=\"elementor-element elementor-element-2920241 elementor-widget elementor-widget-image\" data-id=\"2920241\" data-element_type=\"widget\" data-e-type=\"widget\" data-widget_type=\"image.default\">\n\t\t\t\t<div class=\"elementor-widget-container\">\n\t\t\t\t\t\t\t\t\t\t\t\t\t\t\t<img fetchpriority=\"high\" decoding=\"async\" width=\"1000\" height=\"859\" src=\"https:\/\/cepi.es\/wp-content\/uploads\/2022\/05\/IMAGE11-min.jpg\" class=\"attachment-full size-full wp-image-4917\" alt=\"\" srcset=\"https:\/\/cepi.es\/wp-content\/uploads\/2022\/05\/IMAGE11-min.jpg 1000w, https:\/\/cepi.es\/wp-content\/uploads\/2022\/05\/IMAGE11-min-300x258.jpg 300w, https:\/\/cepi.es\/wp-content\/uploads\/2022\/05\/IMAGE11-min-768x660.jpg 768w\" sizes=\"(max-width: 1000px) 100vw, 1000px\">\t\t\t\t\t\t\t\t\t\t\t\t\t\t\t<\/div>\n\t\t\t\t<\/div>\n\t\t\t\t<div class=\"elementor-element elementor-element-88d690b elementor-widget elementor-widget-text-editor\" data-id=\"88d690b\" data-element_type=\"widget\" data-e-type=\"widget\" data-widget_type=\"text-editor.default\">\n\t\t\t\t<div class=\"elementor-widget-container\">\n\t\t\t\t\t\t\t\t\t<p><b>Produto, <\/b>um vasto cat\u00e1logo que oferece solu\u00e7\u00f5es tanto simples como mais complexas, envolvendo v\u00e1rios sistemas.<\/p>\n<\/p>\n<p><b>Aconselhamento, <\/b>personalizado<b> <\/b>aos nossos distribuidores, com apoio t\u00e9cnico-comercial e forma\u00e7\u00e3o na aplica\u00e7\u00e3o e utiliza\u00e7\u00e3o dos nossos sistemas.<br aria-hidden=\"true\"><br aria-hidden=\"true\"><b>Entrega, <\/b>transporte direto da f\u00e1brica para o armaz\u00e9m do nosso cliente, evitando cargas e descargas cont\u00ednuas, minimizando os incidentes.<br aria-hidden=\"true\"><br aria-hidden=\"true\"><b>Competitividade<\/b>, desenvolvendo acordos comerciais de acordo com as necessidades e circunst\u00e2ncias de cada cliente.<\/p>\n\t\t\t\t\t\t\t\t<\/div>\n\t\t\t\t<\/div>\n\t\t\t\t\t<\/div>\n\t\t<\/div>\n\t\t\t\t<div class=\"elementor-column elementor-col-50 elementor-top-column elementor-element elementor-element-dd92478 elementor-invisible\" data-id=\"dd92478\" data-element_type=\"column\" data-e-type=\"column\" data-settings=\"{&quot;animation&quot;:&quot;fadeInRight&quot;}\">\n\t\t\t<div class=\"elementor-widget-wrap elementor-element-populated\">\n\t\t\t\t\t\t<div class=\"elementor-element elementor-element-2ad536d elementor-widget elementor-widget-text-editor\" data-id=\"2ad536d\" data-element_type=\"widget\" data-e-type=\"widget\" data-widget_type=\"text-editor.default\">\n\t\t\t\t<div class=\"elementor-widget-container\">\n\t\t\t\t\t\t\t\t\t<p>SE TORNARES UM DISTRIBUIDOR DOS NOSSOS SISTEMAS, N\u00d3S SOMOS<\/p>\n\t\t\t\t\t\t\t\t<\/div>\n\t\t\t\t<\/div>\n\t\t\t\t<div class=\"elementor-element elementor-element-c486379 elementor-widget elementor-widget-text-editor\" data-id=\"c486379\" data-element_type=\"widget\" data-e-type=\"widget\" data-widget_type=\"text-editor.default\">\n\t\t\t\t<div class=\"elementor-widget-container\">\n\t\t\t\t\t\t\t\t\t<p>FABRICANTES DE P\u00c9RGOLAS, COBERTURAS E VEDA\u00c7\u00d5ES DE VIDRO COM UMA VASTA EXPERI\u00caNCIA<\/p>\n\t\t\t\t\t\t\t\t<\/div>\n\t\t\t\t<\/div>\n\t\t\t\t<div class=\"elementor-element elementor-element-08b6728 elementor-widget elementor-widget-text-editor\" data-id=\"08b6728\" data-element_type=\"widget\" data-e-type=\"widget\" data-widget_type=\"text-editor.default\">\n\t\t\t\t<div class=\"elementor-widget-container\">\n\t\t\t\t\t\t\t\t\t<p>A CEPI, uma empresa com mais de 40 anos de experi\u00eancia, sempre se dedicou ao fabrico de alum\u00ednio. H\u00e1 14 anos, especializ\u00e1mo-nos no desenvolvimento e fabrico de solu\u00e7\u00f5es de exterior, <strong>vendidas exclusivamente atrav\u00e9s da distribui\u00e7\u00e3o profissional<\/strong>.<\/p>\n<p>Com base na nossa experi\u00eancia, oferecemos o apoio ao cliente que consideramos fundamental para este modelo de neg\u00f3cio, como <strong>o produto, o aconselhamento, a entrega e a competitividade<\/strong>.<\/p>\n\t\t\t\t\t\t\t\t<\/div>\n\t\t\t\t<\/div>\n\t\t\t\t<div class=\"elementor-element elementor-element-3dfe038 elementor-widget elementor-widget-image\" data-id=\"3dfe038\" data-element_type=\"widget\" data-e-type=\"widget\" data-widget_type=\"image.default\">\n\t\t\t\t<div class=\"elementor-widget-container\">\n\t\t\t\t\t\t\t\t\t\t\t\t\t\t\t<img decoding=\"async\" width=\"700\" height=\"558\" src=\"https:\/\/cepi.es\/wp-content\/uploads\/2022\/05\/IMAGE13.jpg\" class=\"attachment-full size-full wp-image-4918\" alt=\"\" srcset=\"https:\/\/cepi.es\/wp-content\/uploads\/2022\/05\/IMAGE13.jpg 700w, https:\/\/cepi.es\/wp-content\/uploads\/2022\/05\/IMAGE13-300x239.jpg 300w\" sizes=\"(max-width: 700px) 100vw, 700px\">\t\t\t\t\t\t\t\t\t\t\t\t\t\t\t<\/div>\n\t\t\t\t<\/div>\n\t\t\t\t\t<\/div>\n\t\t<\/div>\n\t\t\t\t\t<\/div>\n\t\t<\/section>\n\t\t\t\t<section class=\"elementor-section elementor-top-section elementor-element elementor-element-d4a2369 sld_ elementor-hidden-desktop elementor-hidden-tablet elementor-hidden-mobile elementor-section-boxed elementor-section-height-default elementor-section-height-default\" data-id=\"d4a2369\" data-element_type=\"section\" data-e-type=\"section\">\n\t\t\t\t\t\t<div class=\"elementor-container elementor-column-gap-default\">\n\t\t\t\t\t<div class=\"elementor-column elementor-col-100 elementor-top-column elementor-element elementor-element-1f76e87\" data-id=\"1f76e87\" data-element_type=\"column\" data-e-type=\"column\">\n\t\t\t<div class=\"elementor-widget-wrap elementor-element-populated\">\n\t\t\t\t\t\t<div class=\"elementor-element elementor-element-1cffa35 elementor-widget elementor-widget-shortcode\" data-id=\"1cffa35\" data-element_type=\"widget\" data-e-type=\"widget\" data-widget_type=\"shortcode.default\">\n\t\t\t\t<div class=\"elementor-widget-container\">\n\t\t\t\t\t\t\t<div class=\"elementor-shortcode\"><div class='white' style='background:rgba(0,0,0,0); border:solid 0px rgba(0,0,0,0); border-radius:0px; padding:0px 0px 0px 0px;'>\n<div id='slider_1090' class='owl-carousel sa_owl_theme ' data-slider-id='slider_1090' style='visibility:hidden;'>\n<div id='slider_1090_slide01' class='sa_hover_container' style='padding:5% 3%; margin:0px 0%; '><p><img decoding=\"async\" class=\"wp-image-1095 size-full aligncenter\" src=\"https:\/\/cepi.es\/wp-content\/uploads\/2022\/05\/Rectangle-19-min.jpg\" alt=\"\" width=\"814\" height=\"520\" srcset=\"https:\/\/cepi.es\/wp-content\/uploads\/2022\/05\/Rectangle-19-min.jpg 814w, https:\/\/cepi.es\/wp-content\/uploads\/2022\/05\/Rectangle-19-min-300x192.jpg 300w, https:\/\/cepi.es\/wp-content\/uploads\/2022\/05\/Rectangle-19-min-768x491.jpg 768w\" sizes=\"(max-width: 814px) 100vw, 814px\" \/><\/p><\/div>\n<div id='slider_1090_slide02' class='sa_hover_container' style='padding:5% 3%; margin:0px 0%; '><p><img decoding=\"async\" class=\"wp-image-1095 size-full aligncenter\" src=\"https:\/\/cepi.es\/wp-content\/uploads\/2022\/05\/Rectangle-19-min.jpg\" alt=\"\" width=\"814\" height=\"520\" srcset=\"https:\/\/cepi.es\/wp-content\/uploads\/2022\/05\/Rectangle-19-min.jpg 814w, https:\/\/cepi.es\/wp-content\/uploads\/2022\/05\/Rectangle-19-min-300x192.jpg 300w, https:\/\/cepi.es\/wp-content\/uploads\/2022\/05\/Rectangle-19-min-768x491.jpg 768w\" sizes=\"(max-width: 814px) 100vw, 814px\" \/><\/p><\/div>\n<div id='slider_1090_slide03' class='sa_hover_container' style='padding:5% 3%; margin:0px 0%; '><p><img decoding=\"async\" class=\"wp-image-1095 size-full aligncenter\" src=\"https:\/\/cepi.es\/wp-content\/uploads\/2022\/05\/Rectangle-19-min.jpg\" alt=\"\" width=\"814\" height=\"520\" srcset=\"https:\/\/cepi.es\/wp-content\/uploads\/2022\/05\/Rectangle-19-min.jpg 814w, https:\/\/cepi.es\/wp-content\/uploads\/2022\/05\/Rectangle-19-min-300x192.jpg 300w, https:\/\/cepi.es\/wp-content\/uploads\/2022\/05\/Rectangle-19-min-768x491.jpg 768w\" sizes=\"(max-width: 814px) 100vw, 814px\" \/><\/p><\/div>\n<div id='slider_1090_slide04' class='sa_hover_container' style='padding:5% 3%; margin:0px 0%; '><p><img decoding=\"async\" class=\"wp-image-1095 size-full aligncenter\" src=\"https:\/\/cepi.es\/wp-content\/uploads\/2022\/05\/Rectangle-19-min.jpg\" alt=\"\" width=\"814\" height=\"520\" srcset=\"https:\/\/cepi.es\/wp-content\/uploads\/2022\/05\/Rectangle-19-min.jpg 814w, https:\/\/cepi.es\/wp-content\/uploads\/2022\/05\/Rectangle-19-min-300x192.jpg 300w, https:\/\/cepi.es\/wp-content\/uploads\/2022\/05\/Rectangle-19-min-768x491.jpg 768w\" sizes=\"(max-width: 814px) 100vw, 814px\" \/><\/p><\/div>\n<\/div>\n<\/div>\n<script type='text\/javascript'>\n\tjQuery(document).ready(function() {\n\t\tjQuery('#slider_1090').owlCarousel({\n\t\t\tresponsive:{\n\t\t\t\t0:{ items:1 },\n\t\t\t\t480:{ items:2 },\n\t\t\t\t768:{ items:2 },\n\t\t\t\t980:{ items:3 },\n\t\t\t\t1200:{ items:3 },\n\t\t\t\t1500:{ items:3 }\n\t\t\t},\n\t\t\tautoplay : true,\n\t\t\tautoplayTimeout : 5000,\n\t\t\tautoplayHoverPause : true,\n\t\t\tsmartSpeed : 200,\n\t\t\tfluidSpeed : 200,\n\t\t\tautoplaySpeed : 200,\n\t\t\tnavSpeed : 200,\n\t\t\tdotsSpeed : 200,\n\t\t\tloop : true,\n\t\t\tnav : true,\n\t\t\tnavText : ['Previous','Next'],\n\t\t\tdots : false,\n\t\t\tresponsiveRefreshRate : 200,\n\t\t\tslideBy : 1,\n\t\t\tmergeFit : true,\n\t\t\tautoHeight : false,\n\t\t\tmouseDrag : false,\n\t\t\ttouchDrag : true\n\t\t});\n\t\tjQuery('#slider_1090').css('visibility', 'visible');\n\t\tsa_resize_slider_1090();\n\t\twindow.addEventListener('resize', sa_resize_slider_1090);\n\t\tfunction sa_resize_slider_1090() {\n\t\t\tvar min_height = '50';\n\t\t\tvar win_width = jQuery(window).width();\n\t\t\tvar slider_width = jQuery('#slider_1090').width();\n\t\t\tif (win_width < 480) {\n\t\t\t\tvar slide_width = slider_width \/ 1;\n\t\t\t} else if (win_width < 768) {\n\t\t\t\tvar slide_width = slider_width \/ 2;\n\t\t\t} else if (win_width < 980) {\n\t\t\t\tvar slide_width = slider_width \/ 2;\n\t\t\t} else if (win_width < 1200) {\n\t\t\t\tvar slide_width = slider_width \/ 3;\n\t\t\t} else if (win_width < 1500) {\n\t\t\t\tvar slide_width = slider_width \/ 3;\n\t\t\t} else {\n\t\t\t\tvar slide_width = slider_width \/ 3;\n\t\t\t}\n\t\t\tslide_width = Math.round(slide_width);\n\t\t\tvar slide_height = '0';\n\t\t\tif (min_height == 'aspect43') {\n\t\t\t\tslide_height = (slide_width \/ 4) * 3;\t\t\t\tslide_height = Math.round(slide_height);\n\t\t\t} else if (min_height == 'aspect169') {\n\t\t\t\tslide_height = (slide_width \/ 16) * 9;\t\t\t\tslide_height = Math.round(slide_height);\n\t\t\t} else {\n\t\t\t\tslide_height = (slide_width \/ 100) * min_height;\t\t\t\tslide_height = Math.round(slide_height);\n\t\t\t}\n\t\t\tjQuery('#slider_1090 .owl-item .sa_hover_container').css('min-height', slide_height+'px');\n\t\t}\n\t\tvar owl_goto = jQuery('#slider_1090');\n\t\tjQuery('.slider_1090_goto1').click(function(event){\n\t\t\towl_goto.trigger('to.owl.carousel', 0);\n\t\t});\n\t\tjQuery('.slider_1090_goto2').click(function(event){\n\t\t\towl_goto.trigger('to.owl.carousel', 1);\n\t\t});\n\t\tjQuery('.slider_1090_goto3').click(function(event){\n\t\t\towl_goto.trigger('to.owl.carousel', 2);\n\t\t});\n\t\tjQuery('.slider_1090_goto4').click(function(event){\n\t\t\towl_goto.trigger('to.owl.carousel', 3);\n\t\t});\n\t\tvar resize_1090 = jQuery('.owl-carousel');\n\t\tresize_1090.on('initialized.owl.carousel', function(e) {\n\t\t\tif (typeof(Event) === 'function') {\n\t\t\t\twindow.dispatchEvent(new Event('resize'));\n\t\t\t} else {\n\t\t\t\tvar evt = window.document.createEvent('UIEvents');\n\t\t\t\tevt.initUIEvent('resize', true, false, window, 0);\n\t\t\t\twindow.dispatchEvent(evt);\n\t\t\t}\n\t\t});\n\t});\n<\/script>\n<\/div>\n\t\t\t\t\t\t<\/div>\n\t\t\t\t<\/div>\n\t\t\t\t\t<\/div>\n\t\t<\/div>\n\t\t\t\t\t<\/div>\n\t\t<\/section>\n\t\t\t\t<section class=\"elementor-section elementor-top-section elementor-element elementor-element-7628d74d elementor-section-boxed elementor-section-height-default elementor-section-height-default\" data-id=\"7628d74d\" data-element_type=\"section\" data-e-type=\"section\" data-settings=\"{&quot;background_background&quot;:&quot;classic&quot;}\">\n\t\t\t\t\t\t<div class=\"elementor-container elementor-column-gap-default\">\n\t\t\t\t\t<div class=\"elementor-column elementor-col-100 elementor-top-column elementor-element elementor-element-38b3657\" data-id=\"38b3657\" data-element_type=\"column\" data-e-type=\"column\">\n\t\t\t<div class=\"elementor-widget-wrap elementor-element-populated\">\n\t\t\t\t\t\t<div class=\"elementor-element elementor-element-62f509be elementor-widget elementor-widget-text-editor\" data-id=\"62f509be\" data-element_type=\"widget\" data-e-type=\"widget\" data-widget_type=\"text-editor.default\">\n\t\t\t\t<div class=\"elementor-widget-container\">\n\t\t\t\t\t\t\t\t\t<p>Se \u00e9s um profissional do sector e queres obter mais informa\u00e7\u00f5es sobre os nossos sistemas, contacta-nos atrav\u00e9s deste formul\u00e1rio.  <\/p>\n\t\t\t\t\t\t\t\t<\/div>\n\t\t\t\t<\/div>\n\t\t\t\t\t<\/div>\n\t\t<\/div>\n\t\t\t\t\t<\/div>\n\t\t<\/section>\n\t\t\t\t<section class=\"elementor-section elementor-top-section elementor-element elementor-element-5599da9a mw_ elementor-section-boxed elementor-section-height-default elementor-section-height-default\" data-id=\"5599da9a\" data-element_type=\"section\" data-e-type=\"section\">\n\t\t\t\t\t\t<div class=\"elementor-container elementor-column-gap-default\">\n\t\t\t\t\t<div class=\"elementor-column elementor-col-100 elementor-top-column elementor-element elementor-element-12f347e8\" data-id=\"12f347e8\" data-element_type=\"column\" data-e-type=\"column\">\n\t\t\t<div class=\"elementor-widget-wrap elementor-element-populated\">\n\t\t\t\t\t\t<section class=\"elementor-section elementor-inner-section elementor-element elementor-element-724ab013 elementor-section-boxed elementor-section-height-default elementor-section-height-default elementor-invisible\" data-id=\"724ab013\" data-element_type=\"section\" data-e-type=\"section\" data-settings=\"{&quot;background_background&quot;:&quot;classic&quot;,&quot;animation&quot;:&quot;fadeIn&quot;}\">\n\t\t\t\t\t\t<div class=\"elementor-container elementor-column-gap-default\">\n\t\t\t\t\t<div class=\"elementor-column elementor-col-100 elementor-inner-column elementor-element elementor-element-66376662\" data-id=\"66376662\" data-element_type=\"column\" data-e-type=\"column\">\n\t\t\t<div class=\"elementor-widget-wrap elementor-element-populated\">\n\t\t\t\t\t\t<div class=\"elementor-element elementor-element-96c599a elementor-widget elementor-widget-shortcode\" data-id=\"96c599a\" data-element_type=\"widget\" data-e-type=\"widget\" data-widget_type=\"shortcode.default\">\n\t\t\t\t<div class=\"elementor-widget-container\">\n\t\t\t\t\t\t\t<div class=\"elementor-shortcode\">\n<div class=\"wpcf7 no-js\" id=\"wpcf7-f1506-o1\" lang=\"es-VE\" dir=\"ltr\" data-wpcf7-id=\"1506\">\n<div class=\"screen-reader-response\"><p role=\"status\" aria-live=\"polite\" aria-atomic=\"true\"><\/p> <ul><\/ul><\/div>\n<form action=\"\/pt-pt\/wp-json\/wp\/v2\/pages\/5539#wpcf7-f1506-o1\" method=\"post\" class=\"wpcf7-form init\" aria-label=\"Formulario de contacto\" novalidate=\"novalidate\" data-status=\"init\">\n<fieldset class=\"hidden-fields-container\"><input type=\"hidden\" name=\"_wpcf7\" value=\"1506\" \/><input type=\"hidden\" name=\"_wpcf7_version\" value=\"6.1.5\" \/><input type=\"hidden\" name=\"_wpcf7_locale\" value=\"es_VE\" \/><input type=\"hidden\" name=\"_wpcf7_unit_tag\" value=\"wpcf7-f1506-o1\" \/><input type=\"hidden\" name=\"_wpcf7_container_post\" value=\"0\" \/><input type=\"hidden\" name=\"_wpcf7_posted_data_hash\" value=\"\" \/>\n<\/fieldset>\n<div class=\"flex_\"><label> Empresa <span class=\"wpcf7-form-control-wrap\" data-name=\"your-empresa\"><input size=\"40\" maxlength=\"400\" class=\"wpcf7-form-control wpcf7-text wpcf7-validates-as-required\" aria-required=\"true\" aria-invalid=\"false\" value=\"\" type=\"text\" name=\"your-empresa\" \/><\/span><\/label><label> Persona de contacto <span class=\"wpcf7-form-control-wrap\" data-name=\"your-contacto\"><input size=\"40\" maxlength=\"400\" class=\"wpcf7-form-control wpcf7-text wpcf7-validates-as-required\" aria-required=\"true\" aria-invalid=\"false\" value=\"\" type=\"text\" name=\"your-contacto\" \/><\/span><\/label><\/div>\n<div class=\"flex_\"><label> Direcci\u00f3n <span class=\"wpcf7-form-control-wrap\" data-name=\"your-direccion\"><input size=\"40\" maxlength=\"400\" class=\"wpcf7-form-control wpcf7-text wpcf7-validates-as-required\" aria-required=\"true\" aria-invalid=\"false\" value=\"\" type=\"text\" name=\"your-direccion\" \/><\/span><\/label><label> Localidad <span class=\"wpcf7-form-control-wrap\" data-name=\"your-localidad\"><input size=\"40\" maxlength=\"400\" class=\"wpcf7-form-control wpcf7-text wpcf7-validates-as-required\" aria-required=\"true\" aria-invalid=\"false\" value=\"\" type=\"text\" name=\"your-localidad\" \/><\/span><\/label><\/div>\n<div class=\"flex_\"><label> Provincia <span class=\"wpcf7-form-control-wrap\" data-name=\"your-provincia\"><input size=\"40\" maxlength=\"400\" class=\"wpcf7-form-control wpcf7-text wpcf7-validates-as-required\" aria-required=\"true\" aria-invalid=\"false\" value=\"\" type=\"text\" name=\"your-provincia\" \/><\/span><\/label><label> E-mail <span class=\"wpcf7-form-control-wrap\" data-name=\"your-email\"><input size=\"40\" maxlength=\"400\" class=\"wpcf7-form-control wpcf7-email wpcf7-validates-as-required wpcf7-text wpcf7-validates-as-email\" aria-required=\"true\" aria-invalid=\"false\" value=\"\" type=\"email\" name=\"your-email\" \/><\/span> <\/label><\/div>\n<div class=\"flex_\"><label> C\u00f3digo Postal <span class=\"wpcf7-form-control-wrap\" data-name=\"your-codigo\"><input size=\"40\" maxlength=\"400\" class=\"wpcf7-form-control wpcf7-text wpcf7-validates-as-required\" aria-required=\"true\" aria-invalid=\"false\" value=\"\" type=\"text\" name=\"your-codigo\" \/><\/span> <\/label> <label> Tel\u00e9fono <span class=\"wpcf7-form-control-wrap\" data-name=\"your-phone\"><input size=\"40\" maxlength=\"10\" class=\"wpcf7-form-control wpcf7-tel wpcf7-validates-as-required wpcf7-text wpcf7-validates-as-tel\" aria-required=\"true\" aria-invalid=\"false\" value=\"\" type=\"tel\" name=\"your-phone\" \/><\/span> <\/label><\/div>\n<label> Solicitud* <span class=\"wpcf7-form-control-wrap\" data-name=\"your-message\"><textarea cols=\"40\" rows=\"10\" maxlength=\"2000\" class=\"wpcf7-form-control wpcf7-textarea\" aria-invalid=\"false\" placeholder=\"Descr\u00edbenos brevemente tu proyecto\" name=\"your-message\"><\/textarea><\/span> <\/label>\n<label> Inter\u00e9s en: <span class=\"wpcf7-form-control-wrap\" data-name=\"menu-33\"><select class=\"wpcf7-form-control wpcf7-select wpcf7-validates-as-required\" aria-required=\"true\" aria-invalid=\"false\" name=\"menu-33\"><option value=\"Pergolas\">Pergolas<\/option><option value=\"Techos\">Techos<\/option><option value=\"Plegables\">Plegables<\/option><option value=\"Cerramientos de Vidrio\">Cerramientos de Vidrio<\/option><option value=\"Complementos\">Complementos<\/option><option value=\"Todos los sistemas\">Todos los sistemas<\/option><\/select><\/span><\/label>\n<span class=\"wpcf7-form-control-wrap\" data-name=\"acceptance-773\"><span class=\"wpcf7-form-control wpcf7-acceptance\"><span class=\"wpcf7-list-item\"><label><input type=\"checkbox\" name=\"acceptance-773\" value=\"1\" aria-invalid=\"false\" \/><span class=\"wpcf7-list-item-label\">Acepto la <a target=\"_blank\" href=\"https:\/\/cepi.es\/politica-privacidad\/\">pol\u00edtica de privacidad<\/a><\/span><\/label><\/span><\/span><\/span> <input class=\"wpcf7-form-control wpcf7-submit has-spinner\" type=\"submit\" value=\"ENVIAR MENSAJE\" \/><div class=\"wpcf7-response-output\" aria-hidden=\"true\"><\/div>\n<\/form>\n<\/div>\n<\/div>\n\t\t\t\t\t\t<\/div>\n\t\t\t\t<\/div>\n\t\t\t\t\t<\/div>\n\t\t<\/div>\n\t\t\t\t\t<\/div>\n\t\t<\/section>\n\t\t\t\t\t<\/div>\n\t\t<\/div>\n\t\t\t\t\t<\/div>\n\t\t<\/section>\n\t\t\t\t<\/div>\n\t\t","protected":false},"excerpt":{"rendered":"<p>DISTRIBUIDORES Produto, um vasto cat\u00e1logo que oferece solu\u00e7\u00f5es tanto simples como mais complexas, envolvendo v\u00e1rios sistemas. Aconselhamento, personalizado aos nossos distribuidores, com apoio t\u00e9cnico-comercial e forma\u00e7\u00e3o na aplica\u00e7\u00e3o e utiliza\u00e7\u00e3o dos nossos sistemas.Entrega, transporte direto da f\u00e1brica para o armaz\u00e9m do nosso cliente, evitando cargas e descargas cont\u00ednuas, minimizando os incidentes.Competitividade, desenvolvendo acordos comerciais de &#8230; <a title=\"Distribuidores\" class=\"read-more\" href=\"https:\/\/cepi.es\/pt-pt\/distribuidores\/\" aria-label=\"Leia mais sobre Distribuidores\">Ler mais<\/a><\/p>\n","protected":false},"author":1,"featured_media":0,"parent":0,"menu_order":0,"comment_status":"closed","ping_status":"closed","template":"","meta":{"footnotes":""},"class_list":["post-5539","page","type-page","status-publish"],"_links":{"self":[{"href":"https:\/\/cepi.es\/pt-pt\/wp-json\/wp\/v2\/pages\/5539","targetHints":{"allow":["GET"]}}],"collection":[{"href":"https:\/\/cepi.es\/pt-pt\/wp-json\/wp\/v2\/pages"}],"about":[{"href":"https:\/\/cepi.es\/pt-pt\/wp-json\/wp\/v2\/types\/page"}],"author":[{"embeddable":true,"href":"https:\/\/cepi.es\/pt-pt\/wp-json\/wp\/v2\/users\/1"}],"replies":[{"embeddable":true,"href":"https:\/\/cepi.es\/pt-pt\/wp-json\/wp\/v2\/comments?post=5539"}],"version-history":[{"count":1,"href":"https:\/\/cepi.es\/pt-pt\/wp-json\/wp\/v2\/pages\/5539\/revisions"}],"predecessor-version":[{"id":5540,"href":"https:\/\/cepi.es\/pt-pt\/wp-json\/wp\/v2\/pages\/5539\/revisions\/5540"}],"wp:attachment":[{"href":"https:\/\/cepi.es\/pt-pt\/wp-json\/wp\/v2\/media?parent=5539"}],"curies":[{"name":"wp","href":"https:\/\/api.w.org\/{rel}","templated":true}]}}