{"id":5556,"date":"2022-08-19T10:14:32","date_gmt":"2022-08-19T14:14:32","guid":{"rendered":"https:\/\/cepi.es\/politica-de-privacidade\/"},"modified":"2024-05-01T08:45:22","modified_gmt":"2024-05-01T12:45:22","slug":"politica-de-privacidade","status":"publish","type":"page","link":"https:\/\/cepi.es\/pt-pt\/politica-de-privacidade\/","title":{"rendered":"Pol\u00edtica de privacidade"},"content":{"rendered":"\t\t<div data-elementor-type=\"wp-page\" data-elementor-id=\"5556\" class=\"elementor elementor-5556 elementor-4238\" data-elementor-post-type=\"page\">\n\t\t\t\t\t\t<section class=\"elementor-section elementor-top-section elementor-element elementor-element-c774114 elementor-section-boxed elementor-section-height-default elementor-section-height-default\" data-id=\"c774114\" data-element_type=\"section\" data-e-type=\"section\">\n\t\t\t\t\t\t<div class=\"elementor-container elementor-column-gap-default\">\n\t\t\t\t\t<div class=\"elementor-column elementor-col-100 elementor-top-column elementor-element elementor-element-03da68a\" data-id=\"03da68a\" data-element_type=\"column\" data-e-type=\"column\">\n\t\t\t<div class=\"elementor-widget-wrap elementor-element-populated\">\n\t\t\t\t\t\t<div class=\"elementor-element elementor-element-8932673 elementor-widget elementor-widget-text-editor\" data-id=\"8932673\" data-element_type=\"widget\" data-e-type=\"widget\" data-widget_type=\"text-editor.default\">\n\t\t\t\t<div class=\"elementor-widget-container\">\n\t\t\t\t\t\t\t\t\t<\/p>\n<h3>POL\u00cdTICA DE PRIVACIDADE<\/h3>\n<p>A CEPI SL leva muito a s\u00e9rio a prote\u00e7\u00e3o dos teus dados pessoais. Atrav\u00e9s da seguinte declara\u00e7\u00e3o de privacidade, informamos-te sobre os dados pessoais que s\u00e3o recolhidos quando utilizas o nosso s\u00edtio Web e como os processamos, utilizamos e protegemos.<\/p>\n<\/p>\n<h4>APLICA\u00c7\u00c3O<\/h4>\n<p>Quando utilizas o s\u00edtio Web <a href=\"https:\/\/web.archive.org\/web\/20220402011648\/https:\/\/www.cepi.es\/\">www.cepi.es,<\/a> aplica-se a seguinte pol\u00edtica de privacidade. CERRAMIENTOS PICON SL a seguir CEPI deseja informar os usu\u00e1rios da web, como respons\u00e1vel pelo tratamento realizado com rela\u00e7\u00e3o a todos os dados pessoais fornecidos atrav\u00e9s de formul\u00e1rios da web, redes sociais ou outros meios eletr\u00f4nicos e em papel, o seguinte:<\/p>\n<\/p>\n<p>A prote\u00e7\u00e3o dos teus dados pessoais \u00e9 da maior import\u00e2ncia para n\u00f3s, especialmente no que diz respeito \u00e0 prote\u00e7\u00e3o do teu direito \u00e0 privacidade ao processar e utilizar esta informa\u00e7\u00e3o. Os dados pessoais incluem, mas n\u00e3o se limitam a, informa\u00e7\u00f5es como o teu nome, endere\u00e7o postal, endere\u00e7o de correio eletr\u00f3nico ou n\u00famero de telefone, bem como informa\u00e7\u00f5es de utiliza\u00e7\u00e3o do s\u00edtio, como o teu endere\u00e7o IP.<\/p>\n<\/p>\n<p>Estes dados s\u00e3o recolhidos, tratados e utilizados em conformidade com as disposi\u00e7\u00f5es da lei.<\/p>\n<\/p>\n<p>A CEPI, na qualidade de respons\u00e1vel pelo tratamento de dados, em conformidade com o Regulamento Geral de Prote\u00e7\u00e3o de Dados (doravante RGPD), regulamentos de execu\u00e7\u00e3o da Lei do Regulamento (UE) 2016\/679, informa os utilizadores e pessoas relacionadas com a entidade, a pol\u00edtica levada a cabo relativamente ao tratamento de todos os dados pessoais fornecidos.<\/p>\n<\/p>\n<h4>RECOLHA E TRATAMENTO DE DADOS<\/h4>\n<p>Atrav\u00e9s do nosso formul\u00e1rio, pedimos-te informa\u00e7\u00f5es pessoais como o teu nome, endere\u00e7o postal, endere\u00e7o de correio eletr\u00f3nico e n\u00famero de telefone.<\/p>\n<\/p>\n<p>Como qualquer s\u00edtio Web, o nosso servidor recolhe e armazena autom\u00e1tica e temporariamente os seguintes dados nos ficheiros de registo do servidor que s\u00e3o transferidos pelo teu browser, a menos que o tenhas desativado:<\/p>\n<\/p>\n<ul>\n<li>Endere\u00e7o IP do computador requerente<\/li>\n<li>Pedido de ficheiro do cliente<\/li>\n<li>O c\u00f3digo de resposta HTTP<\/li>\n<li>A respectiva quantidade de dados transferidos<\/li>\n<li>O s\u00edtio Web a partir do qual nos est\u00e1s a visitar (URL de refer\u00eancia)<\/li>\n<li>A data e a hora do pedido ao servidor<\/li>\n<li>Tipo de navegador, vers\u00e3o do navegador e idioma do navegador<\/li>\n<li>O sistema operativo utilizado pelo computador do candidato<\/li>\n<\/ul>\n<p>N\u00e3o ser\u00e1 efectuada qualquer an\u00e1lise pessoal dos ficheiros de registo do servidor. O fornecedor n\u00e3o pode atribuir estes dados a nenhuma pessoa espec\u00edfica. N\u00e3o se procede \u00e0 agrega\u00e7\u00e3o desses dados com outras fontes de dados.<\/p>\n<\/p>\n<p>No nosso s\u00edtio Web, utilizamos o Google Analytics, um servi\u00e7o de an\u00e1lise da Web fornecido pela Google, que utiliza cookies, ficheiros de texto que s\u00e3o armazenados no teu computador e que permitem uma an\u00e1lise da tua utiliza\u00e7\u00e3o do s\u00edtio Web. Registam informa\u00e7\u00f5es sobre o sistema operativo, o browser, o teu endere\u00e7o IP, a p\u00e1gina Web a que acedeste anteriormente (URL de refer\u00eancia), bem como a data e a hora da tua visita ao nosso s\u00edtio Web. Normalmente, esta informa\u00e7\u00e3o gerada pela tua utiliza\u00e7\u00e3o deste s\u00edtio Web \u00e9 transferida para um servidor da Google nos EUA e a\u00ed armazenada.<\/p>\n<\/p>\n<p>Se a anonimiza\u00e7\u00e3o do IP estiver activada neste s\u00edtio Web, o teu endere\u00e7o IP do Google ser\u00e1 previamente encurtado nos Estados-Membros da Uni\u00e3o Europeia e noutros Estados signat\u00e1rios do Acordo sobre o Espa\u00e7o Econ\u00f3mico Europeu. S\u00f3 em circunst\u00e2ncias excepcionais \u00e9 que o endere\u00e7o IP completo \u00e9 transferido para um servidor da Google nos EUA e a\u00ed encurtado. A Google utilizar\u00e1 estas informa\u00e7\u00f5es em nome do operador deste s\u00edtio Web com o objetivo de avaliar a sua utiliza\u00e7\u00e3o do s\u00edtio Web, compilar relat\u00f3rios sobre a atividade do s\u00edtio Web para os operadores do s\u00edtio Web e fornecer-lhes outros servi\u00e7os relacionados com a atividade do s\u00edtio Web e a utiliza\u00e7\u00e3o da Internet. O endere\u00e7o IP transferido por um navegador no contexto do Google Analytics n\u00e3o ser\u00e1 fundido com outros dados do Google.<\/p>\n<\/p>\n<p>Podes permitir, bloquear ou eliminar os cookies instalados no teu computador, configurando as op\u00e7\u00f5es do navegador instalado no teu computador\/Tablet ou Smartphone.<\/p>\n<\/p>\n<p>Tamb\u00e9m podes impedir a grava\u00e7\u00e3o de dados sobre a tua utiliza\u00e7\u00e3o do s\u00edtio Web (incluindo o teu endere\u00e7o IP) e os dados gerados pelo cookie pelo Google e o processamento destes dados pelo Google, descarregando e instalando o plug-in do navegador que podes encontrar na seguinte liga\u00e7\u00e3o: http:\/\/tools.google.com\/dlpage\/gaoptout?hl=es.<\/p>\n<\/p>\n<h4>RECOLHA E TRATAMENTO DE DADOS FORNECIDOS VOLUNTARIAMENTE<\/h4>\n<p>Todos os dados que solicitamos ser\u00e3o necess\u00e1rios para:<\/p>\n<ul>\n<li>Gest\u00e3o de clientes, administrativa, contabil\u00edstica e fiscal.<\/li>\n<li>Para prestar os servi\u00e7os contratados e responder aos pedidos dos nossos clientes.<\/li>\n<li>Para te informar sobre novos produtos e servi\u00e7os que possam ser do teu interesse, atrav\u00e9s das nossas newsletters.<\/li>\n<li>Descarrega os cat\u00e1logos dos nossos produtos e servi\u00e7os.<\/li>\n<li>Consulta dos teus or\u00e7amentos e encomendas<\/li>\n<li>Quaisquer outros fins necess\u00e1rios para o bom desenvolvimento, cumprimento e controlo da rela\u00e7\u00e3o contratual com o cliente.<\/li>\n<\/ul>\n<p>Desta forma, e antes do envio de qualquer formul\u00e1rio, o utilizador \u00e9 informado para manifestar o seu consentimento ao tratamento dos dados pessoais e aceitar a nossa pol\u00edtica de prote\u00e7\u00e3o de dados e privacidade, quais os dados pessoais que s\u00e3o recolhidos e tratados, a sua finalidade espec\u00edfica, e que pode manifestar o seu livre consentimento com a op\u00e7\u00e3o ACEITO a pol\u00edtica de prote\u00e7\u00e3o de dados e o tratamento dos seus dados pessoais.<\/p>\n<\/p>\n<p>Encontra um formul\u00e1rio de contacto dispon\u00edvel em <a href=\"https:\/\/web.archive.org\/web\/20220402011648\/https:\/\/www.cepi.es\/\">www.cepi.es.<\/a>  Quando utilizas este formul\u00e1rio, para al\u00e9m da tua mensagem, recolhemos o teu nome, endere\u00e7o eletr\u00f3nico, endere\u00e7o postal e n\u00famero de telefone. S\u00f3 podes utilizar o formul\u00e1rio de contacto se forneceres a seguinte declara\u00e7\u00e3o de consentimento:<\/p>\n<\/p>\n<p>&#8220;Aceito que os dados por mim fornecidos sejam recolhidos e armazenados eletronicamente, tal como descrito na declara\u00e7\u00e3o de privacidade&#8221;. Declaro ter conhecimento de que posso revogar esta autoriza\u00e7\u00e3o a qualquer momento, por escrito ou por correio eletr\u00f3nico, para <a href=\"https:\/\/web.archive.org\/web\/20220402011648\/mailto:info@cepi.es\">info@cepi.es.<\/a><\/p>\n<p>Os teus dados s\u00f3 ser\u00e3o transmitidos de forma encriptada, para evitar que terceiros tenham conhecimento dos mesmos: conservaremos e utilizaremos estes dados exclusivamente para efeitos da nossa rela\u00e7\u00e3o contratual.<\/p>\n<\/p>\n<p>Os dados pessoais tratados n\u00e3o ser\u00e3o utilizados para outros fins que n\u00e3o os previstos no presente documento ou, se for caso disso, em qualquer outro documento ou contrato que vincule ambas as partes em condi\u00e7\u00f5es especiais.<\/p>\n<\/p>\n<p>Exceto com o consentimento expresso dos utilizadores, n\u00e3o transferir\u00e1 ou comunicar\u00e1 dados a terceiros que n\u00e3o estejam previstos no RGPD.<\/p>\n<\/p>\n<p>Informa-se o utilizador que, em conformidade com o disposto no RGPD, foram adoptadas as medidas t\u00e9cnicas e organizativas necess\u00e1rias para garantir a seguran\u00e7a dos dados pessoais e evitar a sua altera\u00e7\u00e3o, perda, tratamento ou acesso n\u00e3o autorizado ou il\u00edcito e contra a sua destrui\u00e7\u00e3o ou danifica\u00e7\u00e3o acidental, tendo em conta o estado da tecnologia, a natureza dos dados armazenados e os riscos a que est\u00e3o expostos. Garantir ao utilizador o cumprimento do dever de sigilo profissional relativamente aos dados pessoais dos utilizadores e o dever de os manter seguros.<\/p>\n<\/p>\n<h4>TRANSFER\u00caNCIA PARA TERCEIROS<\/h4>\n<p>Os dados pessoais fornecidos n\u00e3o ser\u00e3o transmitidos a terceiros. S\u00f3 haver\u00e1 uma transfer\u00eancia destas:<\/p>\n<\/p>\n<ul>\n<li>Se tiveres dado o teu consentimento<\/li>\n<li>A subcontratantes autorizados, para o tratamento dos teus pedidos, das tuas encomendas e da utiliza\u00e7\u00e3o dos nossos servi\u00e7os, que apenas receber\u00e3o os dados necess\u00e1rios para a execu\u00e7\u00e3o desta miss\u00e3o e que apenas os utilizar\u00e3o para este fim.<\/li>\n<li>A prestadores de servi\u00e7os sob a nossa dire\u00e7\u00e3o, para o tratamento desses dados e em conformidade com as disposi\u00e7\u00f5es legais aplic\u00e1veis.<\/li>\n<li>\u00c0s autoridades competentes, para o cumprimento de obriga\u00e7\u00f5es legais.<\/li>\n<\/ul>\n<h4>DADOS E PRAZO DE VALIDADE<\/h4>\n<p>Os dados comunicados atrav\u00e9s do s\u00edtio Web ou do formul\u00e1rio devem ser verdadeiros e actualizados, sendo da exclusiva responsabilidade dos utilizadores a sua atualiza\u00e7\u00e3o.<\/p>\n<\/p>\n<p>Os formul\u00e1rios n\u00e3o armazenam dados sobre idade, religi\u00e3o, cren\u00e7as, ideologia, filia\u00e7\u00e3o sindical, origem racial, vida sexual ou sa\u00fade.<\/p>\n<\/p>\n<p>Nos servi\u00e7os em que a idade \u00e9 expressamente indicada, o acesso ser\u00e1 limitado \u00fanica e exclusivamente a maiores de 13 anos.<\/p>\n<p>Os dados ser\u00e3o conservados enquanto se mantiver a rela\u00e7\u00e3o contratual com o cliente, o cliente continuar registado no servi\u00e7o e n\u00e3o tiver solicitado expressamente o cancelamento e a elimina\u00e7\u00e3o dos dados, e durante o per\u00edodo m\u00ednimo estabelecido por lei.<\/p>\n<\/p>\n<p>Os dados recolhidos ser\u00e3o apagados quando deixarem de ser necess\u00e1rios para a finalidade para a qual foram recolhidos ou registados.<\/p>\n<\/p>\n<h4>LEGITIMIDADE E PROTEC\u00c7\u00c3O DE DADOS<\/h4>\n<p>A legitimidade do tratamento dos dados pessoais baseia-se no consentimento do utilizador, na rela\u00e7\u00e3o contratual com o cliente ou fornecedor e no interesse leg\u00edtimo.<\/p>\n<\/p>\n<p>Os utilizadores podem revogar o seu consentimento a qualquer momento, exercendo os seus direitos atrav\u00e9s do endere\u00e7o de correio eletr\u00f3nico <a href=\"https:\/\/web.archive.org\/web\/20220402011648\/mailto:info@cepi.es\">info@cepi.es.<\/a><\/p>\n<\/p>\n<p>Em cumprimento da Lei Org\u00e2nica 15\/1999, de 13 de dezembro, de Prote\u00e7\u00e3o de Dados de Car\u00e1cter Pessoal, informamos-te que os teus dados pessoais ser\u00e3o inclu\u00eddos no ficheiro CEPI SL, com a finalidade da gest\u00e3o administrativa dos pedidos de acesso e descarga de cat\u00e1logos dos nossos produtos e servi\u00e7os, assim como a consulta dos teus dados comerciais e do estado dos teus or\u00e7amentos e encomendas. Ao submeter este formul\u00e1rio, consente expressamente a comunica\u00e7\u00e3o por meios electr\u00f3nicos. O titular dos dados pode exercer os seus direitos de acesso, retifica\u00e7\u00e3o, cancelamento e oposi\u00e7\u00e3o dirigindo-se por escrito \u00e0 CEPI SL, C\/Gutenberg 2, 29100 Coin (M\u00e1laga) ou enviando um e-mail para <a href=\"https:\/\/web.archive.org\/web\/20220402011648\/mailto:info@cepi.es\">info@cepi.es.<\/a><\/p>\n<\/p>\n<h4>PROPRIEDADE INTELECTUAL E INDUSTRIAL<\/h4>\n<p>A totalidade deste s\u00edtio web; texto, imagens, marcas, log\u00f3tipos, ficheiros de \u00e1udio e v\u00eddeo, bot\u00f5es, ficheiros de software, combina\u00e7\u00f5es de cores, apresenta\u00e7\u00e3o, est\u00e1 protegida pelas leis espanholas e internacionais de propriedade intelectual e industrial.<\/p>\n<\/p>\n<p>\u00c9 expressamente proibida a reprodu\u00e7\u00e3o total ou parcial deste s\u00edtio Web ou de qualquer dos seus conte\u00fados sem a autoriza\u00e7\u00e3o expressa e por escrito da CEPI SL.<\/p>\n<\/p>\n<h4>SUBSCRI\u00c7\u00c3O DA NEWSLETTER<\/h4>\n<p>Ao subscrever a Newsletter da CEPI atrav\u00e9s do seu website, consente que tenha lido esta pol\u00edtica de privacidade, de forma a fornecer-lhe informa\u00e7\u00f5es sobre os nossos produtos, servi\u00e7os e actividades relacionadas com a empresa.<\/p>\n<\/p>\n<p>A subscri\u00e7\u00e3o da nossa Newsletter implica a utiliza\u00e7\u00e3o dos teus dados pessoais, tais como o endere\u00e7o de correio eletr\u00f3nico, o nome e o apelido, atrav\u00e9s dos quais te enviamos publicidade personalizada relacionada com os nossos produtos e servi\u00e7os por correio eletr\u00f3nico, utilizando os nossos pr\u00f3prios meios electr\u00f3nicos.<\/p>\n<\/p>\n<p>Se j\u00e1 estiveres registado como utilizador, lembramos-te que podes alterar as tuas prefer\u00eancias e anular a tua inscri\u00e7\u00e3o a qualquer momento a partir da parte inferior da Newsletter, seguindo as instru\u00e7\u00f5es fornecidas.<\/p>\n<\/p>\n<h4>OS TEUS DIREITOS<\/h4>\n<p>Podes receber a qualquer momento, gratuitamente e sem qualquer justifica\u00e7\u00e3o, informa\u00e7\u00f5es sobre os teus dados que foram armazenados nos nossos arquivos, bem como a sua origem, os destinat\u00e1rios para os quais foram transferidos e a finalidade desse armazenamento.<\/p>\n<\/p>\n<p>Tens o direito de corrigir, bloquear e apagar os teus dados pessoais de acordo com as disposi\u00e7\u00f5es legais e, se tiveres dado o teu consentimento para a utiliza\u00e7\u00e3o desses dados, podes revog\u00e1-lo a qualquer momento e sem necessidade de indicar qualquer motivo.<\/p>\n<\/p>\n<p>Envia quaisquer quest\u00f5es ou pedidos de informa\u00e7\u00e3o, objec\u00e7\u00f5es ao tratamento dos teus dados ou outros pedidos para info@cepi.es.<\/p>\n<\/p>\n<p>Cerramientos Pic\u00f3n SL Sociedade inscrita no Registo Comercial de M\u00e1laga, Tomo 1149, Livro 62, Sec\u00e7\u00e3o Geral de Sociedades, F\u00f3lio 69, Folha MA 2940, 1\u00aa Inscri\u00e7\u00e3o com CIF B29513595 e sede social em C\/Gutenberg 2 CP29100, Co\u00edn (M\u00e1laga-Espanha).<\/p>\n<\/p>\n<h4>COOKIES<\/h4>\n<p>A CEPI poder\u00e1 modificar a presente Pol\u00edtica de Cookies em fun\u00e7\u00e3o de exig\u00eancias legislativas ou regulamentares, ou para a adaptar \u00e0s instru\u00e7\u00f5es e recomenda\u00e7\u00f5es da Ag\u00eancia Espanhola de Prote\u00e7\u00e3o de Dados, pelo que se aconselha o Utilizador a rever periodicamente a Pol\u00edtica de Cookies.<\/p>\n<\/p>\n<p>Um cookie \u00e9 um ficheiro que \u00e9 descarregado para o computador\/smartphone\/tablet do utilizador quando este acede a determinadas p\u00e1ginas web com o objetivo de armazenar e recuperar informa\u00e7\u00f5es sobre a navega\u00e7\u00e3o efectuada a partir desse equipamento.<\/p>\n<\/p>\n<p>A CEPI SL utiliza os seguintes cookies neste s\u00edtio Web, que se detalham a seguir:<\/p>\n<\/p>\n<p>Os cookies estritamente necess\u00e1rios para a presta\u00e7\u00e3o de determinados servi\u00e7os expressamente solicitados pelo utilizador: se estes cookies forem desactivados, n\u00e3o poder\u00e1s receber corretamente os nossos conte\u00fados e servi\u00e7os; e os cookies anal\u00edticos (para o acompanhamento e an\u00e1lise estat\u00edstica do comportamento do conjunto dos utilizadores), os cookies publicit\u00e1rios (para a gest\u00e3o dos espa\u00e7os publicit\u00e1rios em fun\u00e7\u00e3o de crit\u00e9rios como a frequ\u00eancia de apresenta\u00e7\u00e3o dos an\u00fancios) e os cookies comportamentais (para a gest\u00e3o dos espa\u00e7os publicit\u00e1rios em fun\u00e7\u00e3o do perfil espec\u00edfico do utilizador): se estes cookies forem desactivados, o s\u00edtio Web pode continuar a funcionar, sem preju\u00edzo do facto de as informa\u00e7\u00f5es captadas por estes cookies sobre a utiliza\u00e7\u00e3o do nosso s\u00edtio Web e sobre o \u00eaxito dos an\u00fancios nele apresentados nos permitirem melhorar os nossos servi\u00e7os e obter receitas que nos permitem oferecer-te muitos conte\u00fados gratuitamente.<\/p>\n<\/p>\n<p>Cookies de plug-in para partilha de conte\u00fados sociais.<\/p>\n<\/p>\n<p>(**) DESACTIVA\u00c7\u00c3O DE COOKIES. Podes escolher quais os cookies que queres que funcionem neste s\u00edtio Web:<\/p>\n<\/p>\n<p>Defini\u00e7\u00f5es <strong>do browser<\/strong>, por exemplo<\/p>\n<p><strong>Chrome<\/strong>, de <a href=\"https:\/\/web.archive.org\/web\/20220402011648\/http:\/\/support.google.com\/chrome\/bin\/answer.py?hl=es&amp;answer=95647\" target=\"_blank\" rel=\"noopener\">http:\/\/support.google.com\/chrome\/bin\/answer.py?hl=es&amp;answer=95647<\/a><\/p>\n<p><strong>Explorador<\/strong>, de <a href=\"https:\/\/web.archive.org\/web\/20220402011648\/http:\/\/windows.microsoft.com\/es-es\/windows7\/how-to-manage-cookies-in-internet-explorer-9\" target=\"_blank\" rel=\"noopener\">http:\/\/windows.microsoft.com\/es-es\/windows7\/how-to-manage-cookies-in-internet-explorer-9<\/a><\/p>\n<p><strong>Firefox<\/strong>, de <a href=\"https:\/\/web.archive.org\/web\/20220402011648\/http:\/\/support.mozilla.org\/es\/kb\/habilitar-y-deshabilitar-cookies-que-los-sitios-we\" target=\"_blank\" rel=\"noopener\">http:\/\/support.mozilla.org\/es\/kb\/habilitar-y-deshabilitar-cookies-que-los-sitios-we<\/a><\/p>\n<p><strong>Safari<\/strong>, a partir de <a href=\"https:\/\/web.archive.org\/web\/20220402011648\/http:\/\/support.apple.com\/kb\/ph5042\" target=\"_blank\" rel=\"noopener\">http:\/\/support.apple.com\/kb\/ph5042<\/a><\/p>\n<\/p>\n<p>Os sistemas espec\u00edficos de auto-exclus\u00e3o indicados na lista de cookies acima para o cookie em quest\u00e3o (estes sistemas podem implicar a instala\u00e7\u00e3o de um cookie de &#8220;rejei\u00e7\u00e3o&#8221; no teu computador para que a tua op\u00e7\u00e3o de auto-exclus\u00e3o funcione).<\/p>\n<\/p>\n<p>Outras ferramentas de terceiros, dispon\u00edveis em linha, permitem aos utilizadores detetar os cookies em cada s\u00edtio Web que visitam e gerir a sua desativa\u00e7\u00e3o (por exemplo, Ghostery: <a href=\"https:\/\/web.archive.org\/web\/20220402011648\/https:\/\/www.ghostery.com\/about-ghostery\/privacy-statements\/\" target=\"_blank\" rel=\"noopener noreferrer\">http:\/\/www.ghostery.com\/privacy-statement,<\/a> <a href=\"https:\/\/web.archive.org\/web\/20220402011648\/http:\/\/www.ghostery.com\/faq\" target=\"_blank\" rel=\"noopener\">http:\/\/www.ghostery.com\/faq)<\/a>.<\/p>\n<p>A CEPI SL n\u00e3o \u00e9 respons\u00e1vel pelo conte\u00fado e exatid\u00e3o das pol\u00edticas de privacidade de terceiros inclu\u00eddas nesta pol\u00edtica de cookies.<\/p>\n\t\t\t\t\t\t\t\t<\/div>\n\t\t\t\t<\/div>\n\t\t\t\t\t<\/div>\n\t\t<\/div>\n\t\t\t\t\t<\/div>\n\t\t<\/section>\n\t\t\t\t<\/div>\n\t\t","protected":false},"excerpt":{"rendered":"<p>POL\u00cdTICA DE PRIVACIDADE A CEPI SL leva muito a s\u00e9rio a prote\u00e7\u00e3o dos teus dados pessoais. Atrav\u00e9s da seguinte declara\u00e7\u00e3o de privacidade, informamos-te sobre os dados pessoais que s\u00e3o recolhidos quando utilizas o nosso s\u00edtio Web e como os processamos, utilizamos e protegemos. APLICA\u00c7\u00c3O Quando utilizas o s\u00edtio Web www.cepi.es, aplica-se a seguinte pol\u00edtica de &#8230; <a title=\"Pol\u00edtica de privacidade\" class=\"read-more\" href=\"https:\/\/cepi.es\/pt-pt\/politica-de-privacidade\/\" aria-label=\"Leia mais sobre Pol\u00edtica de privacidade\">Ler mais<\/a><\/p>\n","protected":false},"author":1,"featured_media":0,"parent":0,"menu_order":0,"comment_status":"closed","ping_status":"closed","template":"","meta":{"footnotes":""},"class_list":["post-5556","page","type-page","status-publish"],"_links":{"self":[{"href":"https:\/\/cepi.es\/pt-pt\/wp-json\/wp\/v2\/pages\/5556","targetHints":{"allow":["GET"]}}],"collection":[{"href":"https:\/\/cepi.es\/pt-pt\/wp-json\/wp\/v2\/pages"}],"about":[{"href":"https:\/\/cepi.es\/pt-pt\/wp-json\/wp\/v2\/types\/page"}],"author":[{"embeddable":true,"href":"https:\/\/cepi.es\/pt-pt\/wp-json\/wp\/v2\/users\/1"}],"replies":[{"embeddable":true,"href":"https:\/\/cepi.es\/pt-pt\/wp-json\/wp\/v2\/comments?post=5556"}],"version-history":[{"count":1,"href":"https:\/\/cepi.es\/pt-pt\/wp-json\/wp\/v2\/pages\/5556\/revisions"}],"predecessor-version":[{"id":5557,"href":"https:\/\/cepi.es\/pt-pt\/wp-json\/wp\/v2\/pages\/5556\/revisions\/5557"}],"wp:attachment":[{"href":"https:\/\/cepi.es\/pt-pt\/wp-json\/wp\/v2\/media?parent=5556"}],"curies":[{"name":"wp","href":"https:\/\/api.w.org\/{rel}","templated":true}]}}